{"id":7338,"date":"2019-10-23T21:42:59","date_gmt":"2019-10-23T21:42:59","guid":{"rendered":"http:\/\/new.abogadacampeona.com\/?page_id=7338"},"modified":"2019-10-28T13:58:49","modified_gmt":"2019-10-28T13:58:49","slug":"nuestros-servicios","status":"publish","type":"page","link":"https:\/\/attorneyrodriguez.com\/es\/nuestros-servicios\/","title":{"rendered":"Nuestros Servicios"},"content":{"rendered":"<section class=\"wpb-content-wrapper\">\t\t<div class=\"vc_row wpb_row vc_row-fluid\">\n                                        <div class=\"gf-row-inner\">\n                        <div class=\"wpb_column vc_column_container vc_col-sm-12\"><div class=\"vc_column-inner\"><div class=\"wpb_wrapper\"><style type=\"text\/css\">a.eg-henryharrison-element-1,a.eg-henryharrison-element-2{-webkit-transition:all .4s linear;   -moz-transition:all .4s linear;   -o-transition:all .4s linear;   -ms-transition:all .4s linear;   transition:all .4s linear}.eg-jimmy-carter-element-11 i:before{margin-left:0px; margin-right:0px}.eg-harding-element-17{letter-spacing:1px}.eg-harding-wrapper .esg-entry-media{overflow:hidden; box-sizing:border-box;   -webkit-box-sizing:border-box;   -moz-box-sizing:border-box;   padding:30px 30px 0px 30px}.eg-harding-wrapper .esg-media-poster{overflow:hidden; border-radius:50%;   -webkit-border-radius:50%;   -moz-border-radius:50%}.eg-ulysses-s-grant-wrapper .esg-entry-media{overflow:hidden; box-sizing:border-box;   -webkit-box-sizing:border-box;   -moz-box-sizing:border-box;   padding:30px 30px 0px 30px}.eg-ulysses-s-grant-wrapper .esg-media-poster{overflow:hidden; border-radius:50%;   -webkit-border-radius:50%;   -moz-border-radius:50%}.eg-richard-nixon-wrapper .esg-entry-media{overflow:hidden; box-sizing:border-box;   -webkit-box-sizing:border-box;   -moz-box-sizing:border-box;   padding:30px 30px 0px 30px}.eg-richard-nixon-wrapper .esg-media-poster{overflow:hidden; border-radius:50%;   -webkit-border-radius:50%;   -moz-border-radius:50%}.eg-herbert-hoover-wrapper .esg-media-poster{filter:url(\"data:image\/svg+xml;utf8,<svg xmlns='http:\/\/www.w3.org\/2000\/svg'><filter id='grayscale'><feColorMatrix type='matrix' values='0.3333 0.3333 0.3333 0 0 0.3333 0.3333 0.3333 0 0 0.3333 0.3333 0.3333 0 0 0 0 0 1 0'\/><\/filter><\/svg>#grayscale\");   filter:gray;   -webkit-filter:grayscale(100%)}.eg-herbert-hoover-wrapper:hover .esg-media-poster{filter:url(\"data:image\/svg+xml;utf8,<svg xmlns='http:\/\/www.w3.org\/2000\/svg'><filter id='grayscale'><feColorMatrix type='matrix' values='1 0 0 0 0,0 1 0 0 0,0 0 1 0 0,0 0 0 1 0'\/><\/filter><\/svg>#grayscale\");  -webkit-filter:grayscale(0%)}.eg-lyndon-johnson-wrapper .esg-media-poster{filter:url(\"data:image\/svg+xml;utf8,<svg xmlns='http:\/\/www.w3.org\/2000\/svg'><filter id='grayscale'><feColorMatrix type='matrix' values='0.3333 0.3333 0.3333 0 0 0.3333 0.3333 0.3333 0 0 0.3333 0.3333 0.3333 0 0 0 0 0 1 0'\/><\/filter><\/svg>#grayscale\");   filter:gray;   -webkit-filter:grayscale(100%)}.eg-lyndon-johnson-wrapper:hover .esg-media-poster{filter:url(\"data:image\/svg+xml;utf8,<svg xmlns='http:\/\/www.w3.org\/2000\/svg'><filter id='grayscale'><feColorMatrix type='matrix' values='1 0 0 0 0,0 1 0 0 0,0 0 1 0 0,0 0 0 1 0'\/><\/filter><\/svg>#grayscale\");  -webkit-filter:grayscale(0%)}.esg-overlay.eg-ronald-reagan-container{background:-moz-linear-gradient(top,rgba(0,0,0,0) 50%,rgba(0,0,0,0.83) 99%,rgba(0,0,0,0.85) 100%); background:-webkit-gradient(linear,left top,left bottom,color-stop(50%,rgba(0,0,0,0)),color-stop(99%,rgba(0,0,0,0.83)),color-stop(100%,rgba(0,0,0,0.85))); background:-webkit-linear-gradient(top,rgba(0,0,0,0) 50%,rgba(0,0,0,0.83) 99%,rgba(0,0,0,0.85) 100%); background:-o-linear-gradient(top,rgba(0,0,0,0) 50%,rgba(0,0,0,0.83) 99%,rgba(0,0,0,0.85) 100%); background:-ms-linear-gradient(top,rgba(0,0,0,0) 50%,rgba(0,0,0,0.83) 99%,rgba(0,0,0,0.85) 100%); background:linear-gradient(to bottom,rgba(0,0,0,0) 50%,rgba(0,0,0,0.83) 99%,rgba(0,0,0,0.85) 100%); filter:progid:DXImageTransform.Microsoft.gradient( startColorstr='#00000000',endColorstr='#d9000000',GradientType=0 )}.eg-georgebush-wrapper .esg-entry-cover{background:-moz-linear-gradient(top,rgba(0,0,0,0) 50%,rgba(0,0,0,0.83) 99%,rgba(0,0,0,0.85) 100%); background:-webkit-gradient(linear,left top,left bottom,color-stop(50%,rgba(0,0,0,0)),color-stop(99%,rgba(0,0,0,0.83)),color-stop(100%,rgba(0,0,0,0.85))); background:-webkit-linear-gradient(top,rgba(0,0,0,0) 50%,rgba(0,0,0,0.83) 99%,rgba(0,0,0,0.85) 100%); background:-o-linear-gradient(top,rgba(0,0,0,0) 50%,rgba(0,0,0,0.83) 99%,rgba(0,0,0,0.85) 100%); background:-ms-linear-gradient(top,rgba(0,0,0,0) 50%,rgba(0,0,0,0.83) 99%,rgba(0,0,0,0.85) 100%); background:linear-gradient(to bottom,rgba(0,0,0,0) 50%,rgba(0,0,0,0.83) 99%,rgba(0,0,0,0.85) 100%); filter:progid:DXImageTransform.Microsoft.gradient( startColorstr='#00000000',endColorstr='#d9000000',GradientType=0 )}.eg-jefferson-wrapper{-webkit-border-radius:5px !important; -moz-border-radius:5px !important; border-radius:5px !important; -webkit-mask-image:url(data:image\/png;base64,iVBORw0KGgoAAAANSUhEUgAAAAEAAAABCAIAAACQd1PeAAAAGXRFWHRTb2Z0d2FyZQBBZG9iZSBJbWFnZVJlYWR5ccllPAAAAA5JREFUeNpiYGBgAAgwAAAEAAGbA+oJAAAAAElFTkSuQmCC) !important}.eg-monroe-element-1{text-shadow:0px 1px 3px rgba(0,0,0,0.1)}.eg-lyndon-johnson-wrapper .esg-entry-cover{background:-moz-radial-gradient(center,ellipse cover,rgba(0,0,0,0.35) 0%,rgba(18,18,18,0) 96%,rgba(19,19,19,0) 100%); background:-webkit-gradient(radial,center center,0px,center center,100%,color-stop(0%,rgba(0,0,0,0.35)),color-stop(96%,rgba(18,18,18,0)),color-stop(100%,rgba(19,19,19,0))); background:-webkit-radial-gradient(center,ellipse cover,rgba(0,0,0,0.35) 0%,rgba(18,18,18,0) 96%,rgba(19,19,19,0) 100%); background:-o-radial-gradient(center,ellipse cover,rgba(0,0,0,0.35) 0%,rgba(18,18,18,0) 96%,rgba(19,19,19,0) 100%); background:-ms-radial-gradient(center,ellipse cover,rgba(0,0,0,0.35) 0%,rgba(18,18,18,0) 96%,rgba(19,19,19,0) 100%); background:radial-gradient(ellipse at center,rgba(0,0,0,0.35) 0%,rgba(18,18,18,0) 96%,rgba(19,19,19,0) 100%); filter:progid:DXImageTransform.Microsoft.gradient( startColorstr='#59000000',endColorstr='#00131313',GradientType=1 )}.eg-wilbert-wrapper .esg-entry-cover{background:-moz-radial-gradient(center,ellipse cover,rgba(0,0,0,0.35) 0%,rgba(18,18,18,0) 96%,rgba(19,19,19,0) 100%); background:-webkit-gradient(radial,center center,0px,center center,100%,color-stop(0%,rgba(0,0,0,0.35)),color-stop(96%,rgba(18,18,18,0)),color-stop(100%,rgba(19,19,19,0))); background:-webkit-radial-gradient(center,ellipse cover,rgba(0,0,0,0.35) 0%,rgba(18,18,18,0) 96%,rgba(19,19,19,0) 100%); background:-o-radial-gradient(center,ellipse cover,rgba(0,0,0,0.35) 0%,rgba(18,18,18,0) 96%,rgba(19,19,19,0) 100%); background:-ms-radial-gradient(center,ellipse cover,rgba(0,0,0,0.35) 0%,rgba(18,18,18,0) 96%,rgba(19,19,19,0) 100%); background:radial-gradient(ellipse at center,rgba(0,0,0,0.35) 0%,rgba(18,18,18,0) 96%,rgba(19,19,19,0) 100%); filter:progid:DXImageTransform.Microsoft.gradient( startColorstr='#59000000',endColorstr='#00131313',GradientType=1 )}.eg-wilbert-wrapper .esg-media-poster{-webkit-transition:0.4s ease-in-out;  -moz-transition:0.4s ease-in-out;  -o-transition:0.4s ease-in-out;  transition:0.4s ease-in-out;  filter:url(\"data:image\/svg+xml;utf8,<svg xmlns='http:\/\/www.w3.org\/2000\/svg'><filter id='grayscale'><feColorMatrix type='matrix' values='0.3333 0.3333 0.3333 0 0 0.3333 0.3333 0.3333 0 0 0.3333 0.3333 0.3333 0 0 0 0 0 1 0'\/><\/filter><\/svg>#grayscale\");   filter:gray;   -webkit-filter:grayscale(100%)}.eg-wilbert-wrapper:hover .esg-media-poster{filter:url(\"data:image\/svg+xml;utf8,<svg xmlns='http:\/\/www.w3.org\/2000\/svg'><filter id='grayscale'><feColorMatrix type='matrix' values='1 0 0 0 0,0 1 0 0 0,0 0 1 0 0,0 0 0 1 0'\/><\/filter><\/svg>#grayscale\");  -webkit-filter:grayscale(0%)}.eg-phillie-element-3:after{content:\" \";width:0px;height:0px;border-style:solid;border-width:5px 5px 0 5px;border-color:#000 transparent transparent transparent;left:50%;margin-left:-5px; bottom:-5px; position:absolute}.eg-howardtaft-wrapper .esg-media-poster{filter:url(\"data:image\/svg+xml;utf8,<svg xmlns='http:\/\/www.w3.org\/2000\/svg'><filter id='grayscale'><feColorMatrix type='matrix' values='1 0 0 0 0,0 1 0 0 0,0 0 1 0 0,0 0 0 1 0'\/><\/filter><\/svg>#grayscale\");  -webkit-filter:grayscale(0%)}.eg-howardtaft-wrapper:hover .esg-media-poster{filter:url(\"data:image\/svg+xml;utf8,<svg xmlns='http:\/\/www.w3.org\/2000\/svg'><filter id='grayscale'><feColorMatrix type='matrix' values='0.3333 0.3333 0.3333 0 0 0.3333 0.3333 0.3333 0 0 0.3333 0.3333 0.3333 0 0 0 0 0 1 0'\/><\/filter><\/svg>#grayscale\");   filter:gray;   -webkit-filter:grayscale(100%)}.myportfolio-container .added_to_cart.wc-forward{font-family:\"Open Sans\"; font-size:13px; color:#fff; margin-top:10px}.esgbox-title.esgbox-title-outside-wrap{font-size:15px; font-weight:700; text-align:center}.esgbox-title.esgbox-title-inside-wrap{padding-bottom:10px; font-size:15px; font-weight:700; text-align:center}.esg-content.eg-twitterstream-element-33-a{display:inline-block}.eg-twitterstream-element-35{word-break:break-all}.esg-overlay.eg-twitterstream-container{background:-moz-linear-gradient(top,rgba(0,0,0,0) 50%,rgba(0,0,0,0.83) 99%,rgba(0,0,0,0.85) 100%); background:-webkit-gradient(linear,left top,left bottom,color-stop(50%,rgba(0,0,0,0)),color-stop(99%,rgba(0,0,0,0.83)),color-stop(100%,rgba(0,0,0,0.85))); background:-webkit-linear-gradient(top,rgba(0,0,0,0) 50%,rgba(0,0,0,0.83) 99%,rgba(0,0,0,0.85) 100%); background:-o-linear-gradient(top,rgba(0,0,0,0) 50%,rgba(0,0,0,0.83) 99%,rgba(0,0,0,0.85) 100%); background:-ms-linear-gradient(top,rgba(0,0,0,0) 50%,rgba(0,0,0,0.83) 99%,rgba(0,0,0,0.85) 100%); background:linear-gradient(to bottom,rgba(0,0,0,0) 50%,rgba(0,0,0,0.83) 99%,rgba(0,0,0,0.85) 100%); filter:progid:DXImageTransform.Microsoft.gradient( startColorstr='#00000000',endColorstr='#d9000000',GradientType=0 )}.esg-content.eg-facebookstream-element-33-a{display:inline-block}.eg-facebookstream-element-0{word-break:break-all}.esg-overlay.eg-flickrstream-container{background:-moz-linear-gradient(top,rgba(0,0,0,0) 50%,rgba(0,0,0,0.83) 99%,rgba(0,0,0,0.85) 100%); background:-webkit-gradient(linear,left top,left bottom,color-stop(50%,rgba(0,0,0,0)),color-stop(99%,rgba(0,0,0,0.83)),color-stop(100%,rgba(0,0,0,0.85))); background:-webkit-linear-gradient(top,rgba(0,0,0,0) 50%,rgba(0,0,0,0.83) 99%,rgba(0,0,0,0.85) 100%); background:-o-linear-gradient(top,rgba(0,0,0,0) 50%,rgba(0,0,0,0.83) 99%,rgba(0,0,0,0.85) 100%); background:-ms-linear-gradient(top,rgba(0,0,0,0) 50%,rgba(0,0,0,0.83) 99%,rgba(0,0,0,0.85) 100%); background:linear-gradient(to bottom,rgba(0,0,0,0) 50%,rgba(0,0,0,0.83) 99%,rgba(0,0,0,0.85) 100%); filter:progid:DXImageTransform.Microsoft.gradient( startColorstr='#00000000',endColorstr='#d9000000',GradientType=0 )}<\/style>\n<style type=\"text\/css\">.servi .navigationbuttons,.servi .esg-pagination,.servi .esg-filters{text-transform:uppercase; text-align:center}.servi .esg-filterbutton,.servi .esg-navigationbutton,.servi .esg-sortbutton,.servi .esg-cartbutton{color:#000; margin-right:5px; cursor:pointer; position:relative; z-index:2; padding:1px 30px; border:none; line-height:38px; border-radius:5px; -moz-border-radius:5px; -webkit-border-radius:5px; font-size:12px; font-weight:700; font-family:\"Open Sans\",sans-serif; display:inline-block; background:#fff; margin-bottom:5px}.servi .esg-navigationbutton{padding:2px 12px}.servi .esg-navigationbutton *{color:#000}.servi .esg-pagination-button:last-child{margin-right:0}.servi .esg-sortbutton-wrapper,.servi .esg-cartbutton-wrapper{display:inline-block}.servi .esg-sortbutton-order,.servi .esg-cartbutton-order{display:inline-block;  vertical-align:top;  border:none;  width:40px;  line-height:40px;  border-radius:5px;  -moz-border-radius:5px;  -webkit-border-radius:5px;  font-size:12px;  font-weight:700;  color:#999;  cursor:pointer;  background:#eee;  background:#fff;  margin-left:5px}.servi .esg-cartbutton{color:#fff; cursor:default !important}.servi .esg-cartbutton .esgicon-basket{color:#fff;   font-size:15px;   line-height:15px;   margin-right:10px}.servi .esg-cartbutton-wrapper{cursor:default !important}.servi .esg-sortbutton,.servi .esg-cartbutton{display:inline-block; position:relative; cursor:pointer; margin-right:0px; border-radius:5px; -moz-border-radius:5px; -webkit-border-radius:5px}.servi .esg-navigationbutton:hover,.servi .esg-filterbutton:hover,.servi .esg-sortbutton:hover,.servi .esg-sortbutton-order:hover,.servi .esg-cartbutton-order:hover,.servi .esg-filterbutton.selected{border-color:none;color:#000;  background:#fff}.servi .esg-navigationbutton:hover *{color:#333}.servi .esg-sortbutton-order.tp-desc:hover{color:#333}.servi .esg-filter-checked{padding:1px 3px;  color:#cbcbcb;  background:#cbcbcb;  margin-left:7px;  font-size:9px;  font-weight:300;  line-height:9px;  vertical-align:middle}.servi .esg-filterbutton.selected .esg-filter-checked,.servi .esg-filterbutton:hover .esg-filter-checked{padding:1px 3px 1px 3px;  color:#fff;  background:#000;  margin-left:7px;  font-size:9px;  font-weight:300;  line-height:9px;  vertical-align:middle}<\/style>\n<style type=\"text\/css\">.eg-services-element-35{font-size:26px !important; line-height:32px !important; color:#292f33 !important; font-weight:800 !important; padding:20px 0px 20px 0px !important; border-radius:0px 0px 0px 0px !important; background:rgba(255,255,255,0.9) !important; z-index:2 !important; display:block; font-family:Tahoma,Geneva,sans-serif !important; text-transform:capitalize !important}.eg-services-element-39{font-size:13px; line-height:20px; color:#ffffff; font-weight:700; display:block; text-align:center; clear:both; margin:15px 0px 0px 0px ; padding:5px 10px 5px 10px ; border-radius:0px 0px 0px 0px ; background:rgba(17,54,88,0.75); position:relative; z-index:2 !important; font-family:\"Open Sans\"; text-transform:uppercase}<\/style>\n<style type=\"text\/css\">.eg-services-element-35:hover{font-size:26px !important; line-height:32px !important; color:#c6ad72 !important; font-weight:800 !important; border-radius:0px 0px 0px 0px !important; background:rgba(17,54,88,0.81) !important; font-family:Tahoma,Geneva,sans-serif !important}<\/style>\n<style type=\"text\/css\">.eg-services-element-35-a{display:block !important; text-align:center !important; clear:none !important; margin:0px 0px 10px 0px !important; position:relative !important}<\/style>\n<style type=\"text\/css\">.eg-services-container{background:rgba(41,47,51,0.20); box-shadow:inset 0px 1px 10px 0px rgba(0,0,0,1)}<\/style>\n<style type=\"text\/css\">.eg-services-content{background:#ffffff; padding:0px 0px 5px 0px; border-width:0px 0px 0px 0px; border-radius:0px 0px 0px 0px; border-color:transparent; border-style:double; text-align:center}<\/style>\n<style type=\"text\/css\">.esg-grid .mainul li.eg-services-wrapper{background:#ffffff; padding:0px 0px 0px 0px; border-width:0px 0px 0px 0px; border-radius:0px 0px 0px 0px; border-color:#e5e5e5; border-style:none}<\/style>\n<style type=\"text\/css\">.esg-grid .mainul li.eg-services-wrapper .esg-media-poster{background-size:cover; background-position:center center; background-repeat:no-repeat}<\/style>\n<!-- THE ESSENTIAL GRID 3.0.17 POST -->\n\n<article class=\"myportfolio-container esg-grid-wrap-container servi esg-entry-skin-services source_type_post\" id=\"esg-grid-1-1-wrap\" data-alias=\"ourservices\">\n\n   <div id=\"esg-grid-1-1\" class=\"esg-grid\" style=\"background: transparent;padding: 0px 0px 0px 0px ; box-sizing:border-box; -moz-box-sizing:border-box; -webkit-box-sizing:border-box; display:none\">\n<ul>\n<li id=\"eg-1-post-id-7330_8413\" data-skin=\"services\" class=\"filterall eg-services-wrapper eg-post-id-7330\" data-date=\"1571866774\">\n    <div class=\"esg-media-cover-wrapper\">\n<div class=\"esg-entry-media esg-transition\" data-delay=\"0\" data-duration=\"default\" data-transition=\"esg-zoomtodefault\"><img loading=\"lazy\" decoding=\"async\" src=\"https:\/\/attorneyrodriguez.com\/wp-content\/uploads\/injury.jpg\" data-no-lazy=\"1\" alt=\"\" width=\"720\" height=\"720\"><\/div>\n\n            <div class=\"esg-entry-cover\">\n\n                <div class=\"esg-overlay esg-transition eg-services-container\" data-transition=\"esg-none\"><\/div>\n\n\t\t\t\t<div class=\"esg-top eg-post-7330 eg-services-element-35-a\"><a class=\"eg-services-element-35 eg-post-7330\" href=\"https:\/\/attorneyrodriguez.com\/es\/nuestros-servicios\/accidentes-personales\/\" target=\"_blank\">Accidentes Personales<\/a><\/div>\n\t\t\t\t<div class=\"esg-center eg-post-7330 eg-services-element-39 esg-transition\" data-delay=\"0.1\" data-duration=\"default\" data-transition=\"esg-flipup\">Si usted se ha lesionado o ha sufrido p\u00e9rdidas financieras debido al descuido de otros, es posible que pueda hacer un reclamo por da\u00f1os personales para obtener una compensaci\u00f3n financiera.<\/div>\n           <\/div>\n   <\/div>\n\n<\/li>\n<li id=\"eg-1-post-id-7332_6352\" data-skin=\"services\" class=\"filterall filter-opcional eg-services-wrapper eg-post-id-7332\" data-date=\"1571866906\">\n    <div class=\"esg-media-cover-wrapper\">\n<div class=\"esg-entry-media esg-transition\" data-delay=\"0\" data-duration=\"default\" data-transition=\"esg-zoomtodefault\"><img loading=\"lazy\" decoding=\"async\" src=\"https:\/\/attorneyrodriguez.com\/wp-content\/uploads\/drillworker.jpg\" data-no-lazy=\"1\" alt=\"\" width=\"720\" height=\"720\"><\/div>\n\n            <div class=\"esg-entry-cover\">\n\n                <div class=\"esg-overlay esg-transition eg-services-container\" data-transition=\"esg-none\"><\/div>\n\n\t\t\t\t<div class=\"esg-top eg-post-7332 eg-services-element-35-a\"><a class=\"eg-services-element-35 eg-post-7332\" href=\"https:\/\/attorneyrodriguez.com\/es\/nuestros-servicios\/abogada-de-accidentes-en-alta-mar\/\" target=\"_blank\">Abogada de Accidentes en Alta Mar<\/a><\/div>\n\t\t\t\t<div class=\"esg-center eg-post-7332 eg-services-element-39 esg-transition\" data-delay=\"0.1\" data-duration=\"default\" data-transition=\"esg-flipup\">La Ley Jones y las leyes mar\u00edtimas son complejas. Conf\u00ede su caso a nuestro personal experto. Obtenga todo lo que se merece para su familia.<\/div>\n           <\/div>\n   <\/div>\n\n<\/li>\n<li id=\"eg-1-post-id-7334_4122\" data-skin=\"services\" class=\"filterall eg-services-wrapper eg-post-id-7334\" data-date=\"1571866934\">\n    <div class=\"esg-media-cover-wrapper\">\n<div class=\"esg-entry-media esg-transition\" data-delay=\"0\" data-duration=\"default\" data-transition=\"esg-zoomtodefault\"><img loading=\"lazy\" decoding=\"async\" src=\"https:\/\/attorneyrodriguez.com\/wp-content\/uploads\/htown1.jpg\" data-no-lazy=\"1\" alt=\"\" width=\"720\" height=\"720\"><\/div>\n\n            <div class=\"esg-entry-cover\">\n\n                <div class=\"esg-overlay esg-transition eg-services-container\" data-transition=\"esg-none\"><\/div>\n\n\t\t\t\t<div class=\"esg-top eg-post-7334 eg-services-element-35-a\"><a class=\"eg-services-element-35 eg-post-7334\" href=\"https:\/\/attorneyrodriguez.com\/es\/nuestros-servicios\/abogada-de-accidentes-de-trabajo-en-houston\/\" target=\"_blank\">Abogada de Accidentes de Trabajo en Houston<\/a><\/div>\n\t\t\t\t<div class=\"esg-center eg-post-7334 eg-services-element-39 esg-transition\" data-delay=\"0.1\" data-duration=\"default\" data-transition=\"esg-flipup\">Las leyes de Compensaci\u00f3n de Trabajadores de Texas y Louisiana tienen muchos plazos cr\u00edticos y pueden ser confusas. Ponga nuestra experiencia a trabajar para usted hoy.<\/div>\n           <\/div>\n   <\/div>\n\n<\/li>\n<li id=\"eg-1-post-id-7336_1600\" data-skin=\"services\" class=\"filterall eg-services-wrapper eg-post-id-7336\" data-date=\"1571866960\">\n    <div class=\"esg-media-cover-wrapper\">\n<div class=\"esg-entry-media esg-transition\" data-delay=\"0\" data-duration=\"default\" data-transition=\"esg-zoomtodefault\"><img loading=\"lazy\" decoding=\"async\" src=\"https:\/\/attorneyrodriguez.com\/wp-content\/uploads\/nola3.jpg\" data-no-lazy=\"1\" alt=\"\" width=\"720\" height=\"720\"><\/div>\n\n            <div class=\"esg-entry-cover\">\n\n                <div class=\"esg-overlay esg-transition eg-services-container\" data-transition=\"esg-none\"><\/div>\n\n\t\t\t\t<div class=\"esg-top eg-post-7336 eg-services-element-35-a\"><a class=\"eg-services-element-35 eg-post-7336\" href=\"https:\/\/attorneyrodriguez.com\/es\/nuestros-servicios\/abogada-de-accidentes-de-trabajo-en-new-orleans\/\" target=\"_blank\">Abogada de Accidentes de Trabajo en New Orleans<\/a><\/div>\n\t\t\t\t<div class=\"esg-center eg-post-7336 eg-services-element-39 esg-transition\" data-delay=\"0.1\" data-duration=\"default\" data-transition=\"esg-flipup\">Las leyes de Compensaci\u00f3n de Trabajadores de Texas y Louisiana tienen muchos plazos cr\u00edticos y pueden ser confusas. Ponga nuestra experiencia a trabajar para usted hoy.<\/div>\n           <\/div>\n   <\/div>\n\n<\/li>\n<\/ul>\n    <\/div>\n\n<\/article>\n<div class=\"clear\"><\/div>\n<script type=\"text\/javascript\">\nvar essapi_1_1;\nfunction esginit_1_1() {\njQuery(document).ready(function() {\n  var lightboxOptions = {\n        margin : [0,0,0,0],\n        buttons : [\"share\",\"thumbs\",\"close\"],\n        infobar : true,\n        loop : true,\n        slideShow : {\"autoStart\": false, \"speed\": 3000},\n        videoAutoPlay : true,\n        animationEffect : \"fade\",\n        animationDuration : 500,\n        beforeShow: function(a, c) {\n          var i = 0,\n              multiple = false;\n          a = a.slides;\n          for(var b in a) {\n            i++;\n            if (i > 1) {\n              multiple = true;\n              break;\n            }\n          }\n          if (!multiple) jQuery(\"body\").addClass(\"esgbox-single\");\n          if (c.type === \"image\") jQuery(\".esgbox-button--zoom\").show();\n          if (c.contentType === \"html\") c.$slide.addClass(\"esgbox-slide--overflow-\" + c.opts.overflow);\n        },\n        beforeLoad: function(a, b) {\n          jQuery(\"body\").removeClass(\"esg-four-by-three\");\n          if (b.opts.$orig.data(\"ratio\") === \"4:3\") jQuery(\"body\").addClass(\"esg-four-by-three\");\n        },\n        afterLoad: function() {jQuery(window).trigger(\"resize.esglb\");},\n        afterClose : function() {jQuery(\"body\").removeClass(\"esgbox-hidearrows esgbox-single\");},\n        transitionEffect : \"fade\",\n        transitionDuration : 500,\n        hash : \"group\",\n        arrows : true,\n        wheel : false,\n        baseClass : \"esgbox-container-1\",\n        captionPosition : \"bottom\",\n        overflow : \"auto\",\n  };\n\n  jQuery(\"#esg-grid-1-1\").data(\"lightboxsettings\", lightboxOptions);\n\n  essapi_1_1 = jQuery(\"#esg-grid-1-1\").tpessential({\n        gridID:1,\n        layout:\"even\",\n        lazyLoad:\"off\",\n        row:3,\n        apiName: \"essapi_1_1\",\n        loadMoreAjaxToken:\"3d349cdf3d\",\n        loadMoreAjaxUrl:\"https:\/\/attorneyrodriguez.com\/wp-admin\/admin-ajax.php\",\n        loadMoreAjaxAction:\"Essential_Grid_Front_request_ajax\",\n        ajaxContentTarget:\"ess-grid-ajax-container-\",\n        ajaxScrollToOffset:\"0\",\n        ajaxCloseButton:\"off\",\n        ajaxContentSliding:\"on\",\n        ajaxScrollToOnLoad:\"on\",\n        ajaxCallbackArgument:\"off\",\n        ajaxNavButton:\"off\",\n        ajaxCloseType:\"type1\",\n        ajaxCloseInner:\"false\",\n        ajaxCloseStyle:\"light\",\n        ajaxClosePosition:\"tr\",\n        space:10,\n        pageAnimation:\"fade\",\n        videoPlaybackInGrid: \"on\",\n        videoLoopInGrid: \"off\",\n        videoPlaybackOnHover: \"off\",\n        videoInlineMute: \"on\",\n        videoInlineControls: \"off\",\n        keepLayersInline: \"off\",\n        startAnimation: \"none\",\n        startAnimationSpeed: 1000,\n        startAnimationDelay: 100,\n        startAnimationType: \"item\",\n        animationType: \"item\",\n        paginationScrollToTop:\"off\",\n        paginationAutoplay:\"off\",\n        spinner:\"spinner0\",\n        minVisibleItems:3,\n        evenGridMasonrySkinPusher:\"off\",\n        lightBoxMode:\"single\",\n        lightboxHash:\"group\",\n        lightboxPostMinWid:\"75%\",\n        lightboxPostMaxWid:\"75%\",\n        lightboxSpinner:\"off\",\n        lightBoxFeaturedImg:\"off\",\n        lightBoxPostTitle:\"off\",\n        lightBoxPostTitleTag:\"h2\",\n        lightboxMargin : \"0|0|0|0\",\n        lbContentPadding : \"0|0|0|0\",\n        lbContentOverflow : \"auto\",\n        animSpeed:1000,\n        delayBasic:1,\n        mainhoverdelay:1,\n        filterType:\"single\",\n        showDropFilter:\"hover\",\n        filterGroupClass:\"esg-fgc-1-0\",\n        filterNoMatch:\"No Items for the Selected Filter\",\n        filterDeepLink:\"off\",\n        hideMarkups: \"on\",\n        inViewport: true,\n        viewportBuffer: 20,\n        youtubeNoCookie:\"false\",\n        convertFilterMobile:false,\n        convertFilterMobileWidth:768,\n        paginationSwipe: \"off\",\n        paginationDragVer: \"on\",\n        pageSwipeThrottle: 30,\n        aspectratio:\"4:4\",\n        hideBlankItemsAt: \"1\",\n        responsiveEntries: [\n            { width:1900,amount:4,mmheight:0},\n            { width:1400,amount:4,mmheight:0},\n            { width:1170,amount:4,mmheight:0},\n            { width:1024,amount:4,mmheight:0},\n            { width:960,amount:2,mmheight:0},\n            { width:778,amount:2,mmheight:0},\n            { width:640,amount:2,mmheight:0},\n            { width:480,amount:1,mmheight:0},\n            ]\n  });\n\n\n});\n} \/\/ End of EsgInitScript\nvar once_1_1 = false;\nif (document.readyState === \"loading\") document.addEventListener('readystatechange',function() { if ((document.readyState === \"interactive\" || document.readyState === \"complete\") && !once_1_1 ) { once_1_1 = true; esginit_1_1();}}); else {once_1_1 = true; esginit_1_1();}\n<\/script>\n<\/div><\/div><\/div>\t\t\t\t\t\t\t<\/div>\n\t\t\t\n\t\t<\/div>\n\n<\/section>","protected":false},"excerpt":{"rendered":"Luego de sufrir lesiones en el lugar de trabajo, los trabajadores suelen pasar una etapa de sufrimiento porque carecen de recursos financieros. Por este motivo, pueden cometer el error de confiar en su empleador y la compa\u00f1\u00eda de seguros. Pero por desgracia, las empresas intentan reducir los gastos al m\u00ednimo y usted puede quedar solo [...]","protected":false},"author":1,"featured_media":0,"parent":0,"menu_order":0,"comment_status":"closed","ping_status":"closed","template":"","meta":{"footnotes":""},"class_list":["post-7338","page","type-page","status-publish","hentry"],"_links":{"self":[{"href":"https:\/\/attorneyrodriguez.com\/es\/wp-json\/wp\/v2\/pages\/7338","targetHints":{"allow":["GET"]}}],"collection":[{"href":"https:\/\/attorneyrodriguez.com\/es\/wp-json\/wp\/v2\/pages"}],"about":[{"href":"https:\/\/attorneyrodriguez.com\/es\/wp-json\/wp\/v2\/types\/page"}],"author":[{"embeddable":true,"href":"https:\/\/attorneyrodriguez.com\/es\/wp-json\/wp\/v2\/users\/1"}],"replies":[{"embeddable":true,"href":"https:\/\/attorneyrodriguez.com\/es\/wp-json\/wp\/v2\/comments?post=7338"}],"version-history":[{"count":1,"href":"https:\/\/attorneyrodriguez.com\/es\/wp-json\/wp\/v2\/pages\/7338\/revisions"}],"predecessor-version":[{"id":7813,"href":"https:\/\/attorneyrodriguez.com\/es\/wp-json\/wp\/v2\/pages\/7338\/revisions\/7813"}],"wp:attachment":[{"href":"https:\/\/attorneyrodriguez.com\/es\/wp-json\/wp\/v2\/media?parent=7338"}],"curies":[{"name":"wp","href":"https:\/\/api.w.org\/{rel}","templated":true}]}}