{"id":7334,"date":"2019-10-23T21:42:14","date_gmt":"2019-10-23T21:42:14","guid":{"rendered":"http:\/\/new.abogadacampeona.com\/?page_id=7334"},"modified":"2019-11-01T17:23:18","modified_gmt":"2019-11-01T17:23:18","slug":"abogada-de-accidentes-de-trabajo-en-houston","status":"publish","type":"page","link":"https:\/\/attorneyrodriguez.com\/es\/nuestros-servicios\/abogada-de-accidentes-de-trabajo-en-houston\/","title":{"rendered":"Abogada de Accidentes de Trabajo en Houston"},"content":{"rendered":"<section class=\"wpb-content-wrapper\"><div class=\"vc_row wpb_row vc_row-fluid vc_custom_1571935870539 vc_row-has-fill\">\n                                        <div class=\"gf-row-inner\">\n                        <div class=\"wpb_column vc_column_container vc_col-sm-3\"><div class=\"vc_column-inner\"><div class=\"wpb_wrapper\"><\/div><\/div><\/div><div class=\"wpb_column vc_column_container vc_col-sm-6\"><div class=\"vc_column-inner\"><div class=\"wpb_wrapper\"><h2 style=\"font-size: 26px;color: #eaeaea;text-align: center\" class=\"vc_custom_heading wpb_animate_when_almost_visible wpb_right-to-left right-to-left\" >MILES DE PERSONAS SE LESIONAN EN EL LUGAR DE TRABAJO TODOS LOS A\u00d1OS. LA ABOGADA CAMPEONA ESTA PARA AYUDARTE A CONSEGUIR LA MEJOR Y M\u00c1S JUSTA COMPENSACI\u00d3N PARA TI.<\/h2><\/div><\/div><\/div><div class=\"wpb_column vc_column_container vc_col-sm-3\"><div class=\"vc_column-inner\"><div class=\"wpb_wrapper\"><\/div><\/div><\/div>\t\t\t\t\t\t\t<\/div>\n\t\t\t\n\t\t<\/div>\n\t\t<div class=\"vc_row wpb_row vc_row-fluid vc_custom_1571952850413 vc_row-o-equal-height vc_row-o-content-middle vc_row-flex\">\n                                        <div class=\"gf-row-inner\">\n                        <div class=\"wpb_column vc_column_container vc_col-sm-2\"><div class=\"vc_column-inner\"><div class=\"wpb_wrapper\"><\/div><\/div><\/div><div class=\"wpb_column vc_column_container vc_col-sm-8\"><div class=\"vc_column-inner\"><div class=\"wpb_wrapper\"><p style=\"text-align: center\" class=\"vc_custom_heading\" >Algunos de los accidentes m\u00e1s comunes son lesiones por quemaduras, electrocuci\u00f3n, reclamos por muerte injusta y discos herniados de espalda baja. La Compensaci\u00f3n de Trabajadores proporciona el pago de los gastos m\u00e9dicos y reemplaza una parte de los salarios por el tiempo perdido en el trabajo.<\/p><p style=\"text-align: center\" class=\"vc_custom_heading\" >Sin embargo, las compa\u00f1\u00edas de seguros no siempre quieren proporcionar todo lo que exige la ley. Aqu\u00ed es donde el bufete de abogados de accidentes laborales de la abogada campeona Laura Y. Rodriguez, P.C. entra en escena para luchar para obtener la ayuda necesaria y para obtener el pago por cualquier lesi\u00f3n o enfermedad relacionada con su empleo.<\/p><p style=\"text-align: center\" class=\"vc_custom_heading\" >En ciertos casos, un empleado lesionado puede obtener capacitaci\u00f3n laboral junto con pagos por la p\u00e9rdida de la capacidad de ingresos futuros. Si usted es un empleado que trabaja para una compa\u00f1\u00eda que tiene seguro de Compensaci\u00f3n de Trabajadores, est\u00e1 cubierto por el seguro de Compensaci\u00f3n de Trabajadores, independientemente de cu\u00e1nto tiempo haya estado empleado; Usted est\u00e1 cubierto desde su primer d\u00eda de trabajo.<\/p><p style=\"text-align: center\" class=\"vc_custom_heading\" >Una parte clave de la abogada campeona de accidentes laborales Laura Y. Rodriguez es que ella maneja el caso de compensaci\u00f3n de sus trabajadores en Texas y Louisiana hasta el juicio. Si la compa\u00f1\u00eda de seguros apela el hecho de que perdi\u00f3, tomar\u00e1 su caso para apelar y asegurarse de que su victoria siga siendo una victoria.<\/p><\/div><\/div><\/div><div class=\"wpb_column vc_column_container vc_col-sm-2\"><div class=\"vc_column-inner\"><div class=\"wpb_wrapper\"><\/div><\/div><\/div>\t\t\t\t\t\t\t<\/div>\n\t\t\t\n\t\t<\/div>\n\t\t<div class=\"vc_row wpb_row vc_row-fluid vc_custom_1571946372662 vc_row-has-fill\">\n                                        <div class=\"gf-row-inner gf-container container\">\n                        <div class=\"wpb_column vc_column_container vc_col-sm-12\"><div class=\"vc_column-inner\"><div class=\"wpb_wrapper\"><h4 style=\"font-size: 25px;text-align: center\" class=\"vc_custom_heading\" >Ejemplos de lesiones y accidentes en el lugar de trabajo que est\u00e1n cubiertos por un Seguro de Compensaci\u00f3n para Trabajadores<\/h4><div class=\"g5plus-space space-69e2eb8d19490\" data-id=\"69e2eb8d19490\" data-tablet=\"70\" data-tablet-portrait=\"60\" data-mobile=\"40\" data-mobile-landscape=\"50\" style=\"clear: both; display: block; height: 90px\"><\/div><\/div><\/div><\/div><div class=\"wpb_column vc_column_container vc_col-sm-8\"><div class=\"vc_column-inner\"><div class=\"wpb_wrapper\"><div id=\"ts-vcsc-image-adipoli-3092810\" class=\"ts-image-adipoli-frame ts-imagefloat-center    \"  style=\"width: 100%; margin-top: 0px; margin-bottom: 0px;\"><div id=\"ts-vcsc-image-adipoli-3092810-counter\" class=\"ts-fluid-wrapper \" style=\"width: 100%; height: auto;\"><div class=\"ts-image-adipoli-padding\" style=\"padding-bottom: 16px;\"><img decoding=\"async\" class=\"ts-imageadipoli\" data-handle=\"true\" data-no-lazy=\"1\" data-frame=\"ts-vcsc-image-adipoli-3092810\" data-init=\"false\" data-responsive=\"true\" data-width=\"100\" data-height=\"auto\" data-tag=\"responsive\" data-start=\"grayscale\" data-hover=\"boxRainReverse\" data-text=\"\" src=\"https:\/\/attorneyrodriguez.com\/wp-content\/uploads\/injury4.jpg\" alt=\"injury4\" style=\"width: 100%; height: 100%;\"\/><div class=\"ts-image-adipoli-handle\" style=\"\"><span class=\"frame_handle_adipoli\" style=\"background-color: #c6ad72\"><i class=\"handle-hover\"><\/i><\/span><\/div><\/div><\/div><\/div><\/div><\/div><\/div><div class=\"wpb_animate_when_almost_visible wpb_appear appear wpb_column vc_column_container vc_col-sm-4\"><div class=\"vc_column-inner\"><div class=\"wpb_wrapper\"><div id=\"ts-fancy-list-8370566\" class=\"ts-fancy-list-container   \" style=\"margin-left: 0px; margin-top: 0px; margin-bottom: 0px;\"><ul class=\"ts-fancy-list-wrapper ts-fancy-list-unordered ts-fancy-list-type-icon ts-fancy-list-type-x-left ts-fancy-list-type-y-middle\"><li data-count=\"1\" style=\"\"><i class=\"fa fa-handshake-o\"><\/i>\n<div>Lesiones de espalda<\/div><\/li><li data-count=\"2\" style=\"\"><i class=\"fa fa-handshake-o\"><\/i>\n<div>Lesiones en el cuello<\/div><\/li><li data-count=\"3\" style=\"\"><i class=\"fa fa-handshake-o\"><\/i>\n<div>Lesiones en el hombro<\/div><\/li><li data-count=\"4\" style=\"\"><i class=\"fa fa-handshake-o\"><\/i>\n<div>Lesiones de rodilla<\/div><\/li><li data-count=\"5\" style=\"\"><i class=\"fa fa-handshake-o\"><\/i>\n<div>Heridas en la cabeza<\/div><\/li><li data-count=\"6\" style=\"\"><i class=\"fa fa-handshake-o\"><\/i>\n<div>Estr\u00e9s repetitivo y lesiones por movimiento<\/div><\/li><li data-count=\"7\" style=\"\"><i class=\"fa fa-handshake-o\"><\/i>\n<div>Enfermedades ocupacionales<\/div><\/li><li data-count=\"8\" style=\"\"><i class=\"fa fa-handshake-o\"><\/i>\n<div>Lesiones por accidentes de construcci\u00f3n.<\/div><\/li><li data-count=\"9\" style=\"\"><i class=\"fa fa-handshake-o\"><\/i>\n<div>Lesiones cerebrales traum\u00e1ticas.<\/div><\/li><\/ul><\/div><\/div><\/div><\/div><div class=\"wpb_column vc_column_container vc_col-sm-12\"><div class=\"vc_column-inner\"><div class=\"wpb_wrapper\"><div id=\"ts-advanced-textblock-container-5705626\" class=\"ts-advanced-textblock-container    \" data-viewport-class=\"ts-infinite-css-\" data-viewport-offset=\"bottom-in-view\" data-viewport-delay=\"0\" data-viewport-opacity=\"1\" data-viewport-mobile=\"false\" data-shadow-active=\"false\" data-shadow-class=\"\"  data-height-type=\"auto\" data-height-fixed=\"200\" data-height-minimum=\"200\" data-height-maximum=\"200\"><div id=\"ts-advanced-textblock-content-5705626\" class=\"ts-advanced-textblock-content\" data-scroll-nice=\"false\" data-scroll-color=\"#cacaca\" data-scroll-background=\"#ededed\" data-scroll-init=\"false\">Nuestra firma ha manejado casos que involucran lesiones en casi todas las partes del cuerpo. Los clientes han acudido a nosotros en busca de ayuda con reclamos por ataques card\u00edacos inducidos por estr\u00e9s, amputaciones y exposici\u00f3n t\u00f3xica.<\/p>\n<p>Nuestro Abogado de Accidentes Laborales Laura Y. Rodriguez de Laura Y. Rodriguez &amp; Associates, P.C. tiene la pasi\u00f3n, experiencia y conocimiento legal necesarios para ayudar a los trabajadores lesionados.<\/p>\n<p>Las leyes de compensaci\u00f3n de trabajadores complicadas a menudo son dif\u00edciles de entender sin ayuda profesional. Un trabajador lesionado que busca crear un caso exitoso necesita encontrar un abogado competente y familiarizado con todas las regulaciones legales.<\/p>\n<p>Los trabajadores lesionados que buscan un excelente abogado de accidentes laborales en Houston no deben buscar m\u00e1s all\u00e1 de la oficina legal de Laura Y. Rodriguez &amp; Associates, P.C. por ayuda para presentar y ganar sus reclamos.<\/div><\/div><\/div><\/div><\/div>\t\t\t\t\t\t\t<\/div>\n\t\t\t\n\t\t<\/div>\n\t\t<div class=\"vc_row wpb_row vc_row-fluid vc_custom_1571955645864\">\n                                        <div class=\"gf-row-inner gf-container container\">\n                        <div class=\"wpb_column vc_column_container vc_col-sm-12\"><div class=\"vc_column-inner\"><div class=\"wpb_wrapper\"><h2 style=\"font-size: 30px;text-align: center\" class=\"vc_custom_heading\" >Una Cita con la Abogada Campeona<\/h2><p style=\"font-size: 25px;text-align: center\" class=\"vc_custom_heading\" >Esto es lo que la abogada de accidentes Laura Y Rodriguez le preguntar\u00e1 en la primera consulta.<\/p><h3 style=\"font-size: 25px;text-align: center\" class=\"vc_custom_heading\" >\u00bfSe comunic\u00f3 con su empleador e inform\u00f3 la lesi\u00f3n o enfermedad?<\/h3><p style=\"font-size: 18px;text-align: center\" class=\"vc_custom_heading\" >Incluso si piensa que es menor y que sanar\u00e1 sin tratamiento m\u00e9dico. De esa manera hay un registro al que se puede hacer referencia si su lesi\u00f3n empeora. Use un formulario de la compa\u00f1\u00eda, si hay uno disponible. De lo contrario, escriba los hechos de su lesi\u00f3n, junto con la fecha y hora y el nombre de la persona a la que le inform\u00f3. Si es posible, guarde una copia de su informe.<\/p><h3 style=\"font-size: 25px;text-align: center\" class=\"vc_custom_heading\" >\u00bfEscribi\u00f3 los nombres y direcciones de todos los testigos del accidente que caus\u00f3 su lesi\u00f3n?<\/h3><h3 style=\"font-size: 25px;text-align: center\" class=\"vc_custom_heading\" >\u00bfRecibi\u00f3 atenci\u00f3n m\u00e9dica?<\/h3><p style=\"font-size: 18px;text-align: center\" class=\"vc_custom_heading\" >Incluso si cree que su lesi\u00f3n es leve, y aseg\u00farese de que el m\u00e9dico tenga una descripci\u00f3n completa del accidente que caus\u00f3 su lesi\u00f3n o las actividades o condiciones laborales que cree que causaron su discapacidad relacionada con el trabajo. Cuida tu lesi\u00f3n.<\/p><h3 style=\"font-size: 25px;text-align: center\" class=\"vc_custom_heading\" >\u00bfHizo copias de todas las restricciones para trabajar que le dio su m\u00e9dico?<\/h3><p style=\"font-size: 18px;text-align: center\" class=\"vc_custom_heading\" >Guarde una copia y entregue el original a su empleador.<\/p><h3 style=\"font-size: 25px;text-align: center\" class=\"vc_custom_heading\" >\u00bfLlev\u00f3 un registro del tiempo fuera del trabajo, todo el kilometraje hacia y desde m\u00e9dicos, fisioterapeutas y otros profesionales de la salud?<\/h3><p style=\"font-size: 18px;text-align: center\" class=\"vc_custom_heading\" >Guarde todos los registros m\u00e9dicos que se le entregaron y todas las facturas y recibos de medicamentos recetados. Guarde todas las cartas de su empleador y la compa\u00f1\u00eda de seguros de compensaci\u00f3n laboral de su empleador con respecto a su lesi\u00f3n.<\/p><h3 style=\"font-size: 25px;text-align: center\" class=\"vc_custom_heading\" >\u00bfFirmaste alg\u00fan documento?<\/h3><p style=\"font-size: 18px;text-align: center\" class=\"vc_custom_heading\" >Si tiene alguna duda sobre lo que dicen y significan los documentos, debe comunicarse con un abogado de indemnizaci\u00f3n laboral.<\/p><h3 style=\"font-size: 25px;text-align: center\" class=\"vc_custom_heading\" >\u00bfNo ha recibido los beneficios de Compensaci\u00f3n de Trabajadores o un aviso de que recibir\u00e1 los beneficios de Compensaci\u00f3n de Trabajadores?<\/h3><\/div><\/div><\/div>\t\t\t\t\t\t\t<\/div>\n\t\t\t\n\t\t<\/div>\n\t\t<div class=\"vc_row wpb_row vc_row-fluid vc_custom_1571955085081 vc_row-has-fill\">\n                                        <div class=\"gf-row-inner gf-container container\">\n                        <div class=\"wpb_column vc_column_container vc_col-sm-12\"><div class=\"vc_column-inner\"><div class=\"wpb_wrapper\"><h2 style=\"font-size: 30px;color: #ffffff;text-align: center\" class=\"vc_custom_heading\" >LA ABOGADA CAMPEONA EST\u00c1 COMPROMETIDA CON UN OBJETIVO DE POR VIDA Y ES AYUDAR A LOS TRABAJADORES LESIONADOS<\/h2><div class=\"vc_separator wpb_content_element vc_separator_align_center vc_sep_width_60 vc_sep_border_width_4 vc_sep_pos_align_center vc_separator_no_text  wpb_animate_when_almost_visible wpb_left-to-right left-to-right  wpb_animate_when_almost_visible wpb_left-to-right left-to-right\" ><span class=\"vc_sep_holder vc_sep_holder_l\"><span style=\"border-color:#c6ad72;\" class=\"vc_sep_line\"><\/span><\/span><span class=\"vc_sep_holder vc_sep_holder_r\"><span style=\"border-color:#c6ad72;\" class=\"vc_sep_line\"><\/span><\/span>\n<\/div><div id=\"ts-advanced-textblock-container-2691730\" class=\"ts-advanced-textblock-container    ts-advanced-textblock-viewport\" data-viewport-class=\"ts-infinite-css-fadeInUp\" data-viewport-offset=\"bottom-in-view\" data-viewport-delay=\"0\" data-viewport-opacity=\"1\" data-viewport-mobile=\"false\" data-shadow-active=\"false\" data-shadow-class=\"\"  data-height-type=\"auto\" data-height-fixed=\"200\" data-height-minimum=\"200\" data-height-maximum=\"200\"><div id=\"ts-advanced-textblock-content-2691730\" class=\"ts-advanced-textblock-content\" data-scroll-nice=\"false\" data-scroll-color=\"#cacaca\" data-scroll-background=\"#ededed\" data-scroll-init=\"false\">Laura Y. Rodr\u00edguez creci\u00f3 en el Valle del R\u00edo Grande. Despu\u00e9s de experimentar la muerte prematura de un ser querido relacionada con el trabajo, es por eso que la abogada Laura Y. Rodr\u00edguez decidi\u00f3, a una edad temprana, pasar su vida ayudando a otros trabajadores lesionados.<\/p>\n<p>Si bien la mayor\u00eda de los ni\u00f1os no conocen sus objetivos profesionales hasta que son mayores, Laura Y. Rodr\u00edguez reconoci\u00f3 de inmediato el llamado de su vida como abogada de accidentes laborales.<\/p>\n<p>Laura Y. Rodr\u00edguez busca ayudar a las personas a ganar sus casos. Despu\u00e9s de haber obtenido su t\u00edtulo de abogada, la abogada Rodr\u00edguez canaliz\u00f3 su conocimiento al compromiso como abogada excepcional de accidentes laborales en Houston y Louisiana.<\/div><\/div><h2 style=\"font-size: 30px;color: #ffffff;text-align: center\" class=\"vc_custom_heading\" >LA ABOGADA CAMPEONA NO DEJA NINGUNA PIEDRA LEGAL MIENTRAS REPRESENTA A SUS CLIENTES<\/h2><div class=\"vc_separator wpb_content_element vc_separator_align_center vc_sep_width_60 vc_sep_border_width_4 vc_sep_pos_align_center vc_separator_no_text  wpb_animate_when_almost_visible wpb_left-to-right left-to-right  wpb_animate_when_almost_visible wpb_left-to-right left-to-right\" ><span class=\"vc_sep_holder vc_sep_holder_l\"><span style=\"border-color:#c6ad72;\" class=\"vc_sep_line\"><\/span><\/span><span class=\"vc_sep_holder vc_sep_holder_r\"><span style=\"border-color:#c6ad72;\" class=\"vc_sep_line\"><\/span><\/span>\n<\/div><div id=\"ts-advanced-textblock-container-3331754\" class=\"ts-advanced-textblock-container    ts-advanced-textblock-viewport\" data-viewport-class=\"ts-infinite-css-fadeInUp\" data-viewport-offset=\"bottom-in-view\" data-viewport-delay=\"0\" data-viewport-opacity=\"1\" data-viewport-mobile=\"false\" data-shadow-active=\"false\" data-shadow-class=\"\"  data-height-type=\"auto\" data-height-fixed=\"200\" data-height-minimum=\"200\" data-height-maximum=\"200\"><div id=\"ts-advanced-textblock-content-3331754\" class=\"ts-advanced-textblock-content\" data-scroll-nice=\"false\" data-scroll-color=\"#cacaca\" data-scroll-background=\"#ededed\" data-scroll-init=\"false\">En representaci\u00f3n de electricistas, soldadores, estibadores y v\u00edctimas de explosiones en el lugar de trabajo, los clientes respetan a Laura Y. Rodr\u00edguez por su apasionada dedicaci\u00f3n a ganar sus demandas.<\/p>\n<p>Una hija de Texas, representa a los clientes con honestidad, convicci\u00f3n y perseverancia. Laura Y. Rodr\u00edguez no se rinde con sus clientes y los trabajadores lesionados est\u00e1n agradecidos con Laura Y. Rodr\u00edguez por su constante persistencia.<\/div><\/div><h2 style=\"font-size: 30px;color: #ffffff;text-align: center\" class=\"vc_custom_heading\" >LA ABOGADA CAMPEONA LAURA RODRIGUEZ DESARROLLA UN PLAN DE ACCI\u00d3N PERSONALIZADO PARA CADA CLIENTE<\/h2><div class=\"vc_separator wpb_content_element vc_separator_align_center vc_sep_width_60 vc_sep_border_width_4 vc_sep_pos_align_center vc_separator_no_text  wpb_animate_when_almost_visible wpb_left-to-right left-to-right  wpb_animate_when_almost_visible wpb_left-to-right left-to-right\" ><span class=\"vc_sep_holder vc_sep_holder_l\"><span style=\"border-color:#c6ad72;\" class=\"vc_sep_line\"><\/span><\/span><span class=\"vc_sep_holder vc_sep_holder_r\"><span style=\"border-color:#c6ad72;\" class=\"vc_sep_line\"><\/span><\/span>\n<\/div><div id=\"ts-advanced-textblock-container-2476983\" class=\"ts-advanced-textblock-container    ts-advanced-textblock-viewport\" data-viewport-class=\"ts-infinite-css-fadeInUp\" data-viewport-offset=\"bottom-in-view\" data-viewport-delay=\"0\" data-viewport-opacity=\"1\" data-viewport-mobile=\"false\" data-shadow-active=\"false\" data-shadow-class=\"\"  data-height-type=\"auto\" data-height-fixed=\"200\" data-height-minimum=\"200\" data-height-maximum=\"200\"><div id=\"ts-advanced-textblock-content-2476983\" class=\"ts-advanced-textblock-content\" data-scroll-nice=\"false\" data-scroll-color=\"#cacaca\" data-scroll-background=\"#ededed\" data-scroll-init=\"false\">Cada cliente que busca asistencia de la abogada Laura Y. Rodr\u00edguez recibe un plan de acci\u00f3n personalizado. La abogada campeona Laura Rodr\u00edguez entiende que cada cliente tiene problemas y necesidades personales.<\/p>\n<p>Para algunos empleados involucrados en accidentes laborales que est\u00e1n gravemente heridos y no pueden realizar ning\u00fan trabajo, la vida se convierte en una dificultad personal y financiera casi insoportable. La firma de abogados de accidentes de trabajo Laura Y. Rodriguez, la abogada campeona ayuda a aliviar algunas de estas cargas.<\/p>\n<p>Con nuestra ayuda ahora todos los trabajadores lesionados pueden recuperar los sue\u00f1os que perdieron.<\/div><\/div><\/div><\/div><\/div>\t\t\t\t\t\t\t<\/div>\n\t\t\t\n\t\t<\/div>\n<\/section>","protected":false},"excerpt":{"rendered":"<p>Las leyes de Compensaci\u00f3n de Trabajadores de Texas y Louisiana tienen muchos plazos cr\u00edticos y pueden ser confusas. Ponga nuestra experiencia a trabajar para usted hoy.<\/p>\n","protected":false},"author":1,"featured_media":7411,"parent":7338,"menu_order":0,"comment_status":"closed","ping_status":"closed","template":"","meta":{"footnotes":""},"class_list":["post-7334","page","type-page","status-publish","has-post-thumbnail","hentry"],"_links":{"self":[{"href":"https:\/\/attorneyrodriguez.com\/es\/wp-json\/wp\/v2\/pages\/7334","targetHints":{"allow":["GET"]}}],"collection":[{"href":"https:\/\/attorneyrodriguez.com\/es\/wp-json\/wp\/v2\/pages"}],"about":[{"href":"https:\/\/attorneyrodriguez.com\/es\/wp-json\/wp\/v2\/types\/page"}],"author":[{"embeddable":true,"href":"https:\/\/attorneyrodriguez.com\/es\/wp-json\/wp\/v2\/users\/1"}],"replies":[{"embeddable":true,"href":"https:\/\/attorneyrodriguez.com\/es\/wp-json\/wp\/v2\/comments?post=7334"}],"version-history":[{"count":0,"href":"https:\/\/attorneyrodriguez.com\/es\/wp-json\/wp\/v2\/pages\/7334\/revisions"}],"up":[{"embeddable":true,"href":"https:\/\/attorneyrodriguez.com\/es\/wp-json\/wp\/v2\/pages\/7338"}],"wp:featuredmedia":[{"embeddable":true,"href":"https:\/\/attorneyrodriguez.com\/es\/wp-json\/wp\/v2\/media\/7411"}],"wp:attachment":[{"href":"https:\/\/attorneyrodriguez.com\/es\/wp-json\/wp\/v2\/media?parent=7334"}],"curies":[{"name":"wp","href":"https:\/\/api.w.org\/{rel}","templated":true}]}}