{"id":7332,"date":"2019-10-23T21:41:46","date_gmt":"2019-10-23T21:41:46","guid":{"rendered":"http:\/\/new.abogadacampeona.com\/?page_id=7332"},"modified":"2023-02-06T19:34:30","modified_gmt":"2023-02-06T19:34:30","slug":"abogada-de-accidentes-en-alta-mar","status":"publish","type":"page","link":"https:\/\/attorneyrodriguez.com\/es\/nuestros-servicios\/abogada-de-accidentes-en-alta-mar\/","title":{"rendered":"Abogada de Accidentes en Alta Mar"},"content":{"rendered":"<section class=\"wpb-content-wrapper\"><div class=\"vc_row wpb_row vc_row-fluid vc_row-o-equal-height vc_row-o-content-top vc_row-flex\">\n                                        <div class=\"gf-row-inner\">\n                        <div class=\"wpb_column vc_column_container vc_col-sm-5\"><div class=\"vc_column-inner\"><div class=\"wpb_wrapper\"><div id=\"ts-vcsc-image-gallery-5968397\" class=\"ts-image-gallery-wrapper ts-kraut-lightbox-frame   \" data-style=\"nivoslider\" data-break-parents=\"6\" data-inline=\"false\" style=\"margin-top: 0px; margin-bottom: 0px; position: relative;\"><div id=\"ts-lightbox-gallery-slider-5968397-container\" class=\"ts-nivoslider-container\" style=\"margin-top: 0px; margin-bottom: 0px;\"><div class=\"ts-lightbox-gallery-nivoslider-preloader\" style=\"height: 300px; position: relative;\"><div id=\"ts-lightbox-gallery-nivoslider-preloader-5968397\" class=\" ts-preloader-animation-main ts-preloader-animation-0\"><\/div><\/div><div id=\"ts-lightbox-gallery-slider-5968397\" class=\"ts-nivoslider-parent nivo-carousel nivoSlider ts-lightbox-gallery-slider\" style=\"display: none; \" data-id=\"5968397\" data-items=\"1\" data-rtl=\"false\" data-navigation=\"false\" data-play=\"true\" data-bar=\"false\" data-color=\"#dd3333\" data-speed=\"3000\" data-hover=\"false\" data-lazy=\"false\" data-effect=\"sliceUpDown\" data-slices=\"15\" data-columns=\"8\" data-rows=\"4\" data-start=\"0\" data-random=\"false\"><img decoding=\"async\" src=\"https:\/\/attorneyrodriguez.com\/wp-content\/uploads\/offshore1.jpg\" data-nivo-lazy=\"https:\/\/attorneyrodriguez.com\/wp-content\/uploads\/offshore1.jpg\" data-nivo-loaded=\"true\" style=\"\" alt=\"offshore1\" data-transition-left=\"slideInLeft\" data-transition-right=\"slideInRight\" loading=\"eager\" data-no-lazy=\"1\" data-thumb=\"https:\/\/attorneyrodriguez.com\/wp-content\/uploads\/offshore1.jpg\" data-title=\"\" ><img decoding=\"async\" src=\"https:\/\/attorneyrodriguez.com\/wp-content\/uploads\/offshore2.jpg\" data-nivo-lazy=\"https:\/\/attorneyrodriguez.com\/wp-content\/uploads\/offshore2.jpg\" data-nivo-loaded=\"true\" style=\"\" alt=\"offshore2\" data-transition-left=\"slideInLeft\" data-transition-right=\"slideInRight\" loading=\"eager\" data-no-lazy=\"1\" data-thumb=\"https:\/\/attorneyrodriguez.com\/wp-content\/uploads\/offshore2.jpg\" data-title=\"\" ><\/div><\/div><\/div><\/div><\/div><\/div><div class=\"wpb_column vc_column_container vc_col-sm-7\"><div class=\"vc_column-inner\"><div class=\"wpb_wrapper\"><h2 style=\"font-size: 26px;color: #eaeaea;text-align: center\" class=\"vc_custom_heading wpb_animate_when_almost_visible wpb_right-to-left right-to-left vc_custom_1571947885230\" >Los trabajadores en barcos, en pozos de perforaci\u00f3n en alta mar y estibadores en puertos necesitan ayuda legal experta: el tipo de ayuda que la abogada campeona te puede dar.<\/h2><h2 style=\"font-size: 30px;text-align: center\" class=\"vc_custom_heading\" >Abogada Campeona | ABOGADA DE DERECHO MAR\u00cdTIMO<\/h2><p style=\"text-align: center\" class=\"vc_custom_heading\" >Mandatos federales y estatales hacen que las leyes mar\u00edtimas se conviertan en un campo especializado. El Despacho de la Abogada Campeona Laura Rodriguez tiene la experiencia y esta lista para ayudar a trabajadores estibadores de puertos, trabajadores en pozos petroleros en el mar y trabajadores en barcos que han sufrido una lesi\u00f3n y necesitan ayuda legal fuerte y r\u00e1pida.<\/p><p style=\"text-align: center\" class=\"vc_custom_heading\" >Posicionada en la \u00e1rea de Houston, Texas, el coraz\u00f3n metropolitano de las industrias mar\u00edtimas y perforaci\u00f3n del mar en la Costa del Golfo, el Despacho esta muy bien preparada para representar a trabajadores en reclamos justos para compensaci\u00f3n. Si sus lesiones le impiden venir a nuestra oficina para una consulta, entonces la Abogada Campeona puede visitarlo.<\/p><h2 style=\"font-size: 26px;text-align: center\" class=\"vc_custom_heading\" >OBT\u00c9N UNA COMPENSACI\u00d3N JUSTA POR ACCIDENTES Y LESIONES EN ALTA MAR<\/h2><p style=\"text-align: center\" class=\"vc_custom_heading\" >Despu\u00e9s de sufrir lesiones o perdidas serias, es importante consultar con un abogado antes de aceptar cualquier arreglo que le presente su empleador o la compa\u00f1\u00eda de seguro. Normalmente al aceptar dichas ofertas o arreglos le previene que posteriormente usted tome acciones legales para recibir una compensaci\u00f3n justa para todas sus lesiones y perdidas financieras.<\/p><h2 style=\"font-size: 26px;text-align: center\" class=\"vc_custom_heading\" >Contacta a la abogada campeona para pelear por tu justicia<\/h2><p style=\"text-align: center\" class=\"vc_custom_heading\" >Obtener una consulta personal con la Abogada Campeona para evaluar su posible reclamo es gratis. Llame a nuestro despacho el d\u00eda de hoy y aseg\u00farese que usted y su familia reciban tratamiento justo bajo la ley.<\/p><\/div><\/div><\/div>\t\t\t\t\t\t\t<\/div>\n\t\t\t\n\t\t<\/div>\n\t\t<div class=\"vc_row wpb_row vc_row-fluid vc_custom_1571946372662 vc_row-has-fill\">\n                                        <div class=\"gf-row-inner gf-container container\">\n                        <div class=\"wpb_column vc_column_container vc_col-sm-12\"><div class=\"vc_column-inner\"><div class=\"wpb_wrapper\"><h4 style=\"font-size: 25px;text-align: center\" class=\"vc_custom_heading\" >ALGUNOS DE LOS CASOS DE LA ABOGADA CAMPEONA<\/h4><div class=\"gsf-info-box ib-right-inline clearfix icon-classic ib-large  wpb_animate_when_almost_visible wpb_left-to-right left-to-right info-box-69e2f2bbd1f25\">\n    <div class=\"ib-content-wrap\">\n                                    <div class=\"ib-content\">\n                    <div class=\"ib-content-top\">\n                                                        <h4 class=\"info-box-title\">Junio de 2015<\/h4>\n                                                    <div class=\"ib-shape\">\n                            <div class=\"ib-shape-inner\">\n                                <i class=\"fa fa-diamond\"><\/i>                            <\/div>\n                        <\/div>\n                    <\/div>\n                                            <div class=\"info-box-des\">\n                            <p>La Abogada Campeona llega a un acuerdo por m\u00e1s de $300,000 para un estibador de habla hispana de Louisiana que sufri\u00f3 varias lesiones por una ca\u00edda mientras trabajaba para uno de los mayores constructores navales de Louisiana. El monto del acuerdo fue adicional a los beneficios m\u00e9dicos y de indemnizaci\u00f3n pagados por la compa\u00f1\u00eda de seguros.<\/p>\n                        <\/div>\n                                    <\/div>\n                        <\/div>\n    <\/div>\n<div class=\"gsf-info-box ib-right-inline clearfix icon-classic ib-large  wpb_animate_when_almost_visible wpb_right-to-left right-to-left info-box-69e2f2bbd230d\">\n    <div class=\"ib-content-wrap\">\n                                    <div class=\"ib-content\">\n                    <div class=\"ib-content-top\">\n                                                        <h4 class=\"info-box-title\">Diciembre de 2010<\/h4>\n                                                    <div class=\"ib-shape\">\n                            <div class=\"ib-shape-inner\">\n                                <i class=\"fa fa-diamond\"><\/i>                            <\/div>\n                        <\/div>\n                    <\/div>\n                                            <div class=\"info-box-des\">\n                            <p>La abogada campeona llega a un acuerdo de $250,000 para un estibador de Louisiana que sufri\u00f3 una lesi\u00f3n en la parte baja de la espalda mientras golpeaba con arena un barco. El monto del acuerdo fue adicional a los beneficios m\u00e9dicos pagados por la compa\u00f1\u00eda de seguros.<\/p>\n                        <\/div>\n                                    <\/div>\n                        <\/div>\n    <\/div>\n<div class=\"gsf-info-box ib-right-inline clearfix icon-classic ib-large  wpb_animate_when_almost_visible wpb_left-to-right left-to-right info-box-69e2f2bbd2574\">\n    <div class=\"ib-content-wrap\">\n                                    <div class=\"ib-content\">\n                    <div class=\"ib-content-top\">\n                                                        <h4 class=\"info-box-title\">Noviembre de 2010<\/h4>\n                                                    <div class=\"ib-shape\">\n                            <div class=\"ib-shape-inner\">\n                                <i class=\"fa fa-diamond\"><\/i>                            <\/div>\n                        <\/div>\n                    <\/div>\n                                            <div class=\"info-box-des\">\n                            <p>La abogada campeona Laura Rodriguez llega a un acuerdo de $250,000 para un trabajador lesionado de Louisiana por un reclamo, siguiendo la Ley Federal de Tierras en Exterior del Continente, que sufri\u00f3 una lesi\u00f3n en el cuello al subir la escalera de una gr\u00faa ubicada en una plataforma petrolera. El monto del acuerdo fue adicional a los beneficios m\u00e9dicos pagados por la compa\u00f1\u00eda de seguros.<\/p>\n                        <\/div>\n                                    <\/div>\n                        <\/div>\n    <\/div>\n<div class=\"gsf-info-box ib-right-inline clearfix icon-classic ib-large  wpb_animate_when_almost_visible wpb_right-to-left right-to-left info-box-69e2f2bbd2787\">\n    <div class=\"ib-content-wrap\">\n                                    <div class=\"ib-content\">\n                    <div class=\"ib-content-top\">\n                                                        <h4 class=\"info-box-title\">Mayo de 2010<\/h4>\n                                                    <div class=\"ib-shape\">\n                            <div class=\"ib-shape-inner\">\n                                <i class=\"fa fa-diamond\"><\/i>                            <\/div>\n                        <\/div>\n                    <\/div>\n                                            <div class=\"info-box-des\">\n                            <p>Un estibador, cliente de la Abogada Campeona recibi\u00f3 por un veredicto de jurado un monto de $1.55 millones de d\u00f3lares. Este cliente sufri\u00f3 un accidente en el Puerto de Houston cuando un cami\u00f3n de mula de jard\u00edn se estrell\u00f3 contra el cami\u00f3n desde el cual su cliente estaba descargando materiales. El cliente de la abogada campeona Laura Rodriguez tuvo que someterse a una cirug\u00eda de cuello en un nivel de disco<\/p>\n                        <\/div>\n                                    <\/div>\n                        <\/div>\n    <\/div>\n<\/div><\/div><\/div>\t\t\t\t\t\t\t<\/div>\n\t\t\t\n\t\t<\/div>\n<\/section>","protected":false},"excerpt":{"rendered":"<p>La Ley Jones y las leyes mar\u00edtimas son complejas. Conf\u00ede su caso a nuestro personal experto. Obtenga todo lo que se merece para su familia.<\/p>\n","protected":false},"author":1,"featured_media":7412,"parent":7338,"menu_order":0,"comment_status":"closed","ping_status":"closed","template":"","meta":{"footnotes":""},"class_list":["post-7332","page","type-page","status-publish","has-post-thumbnail","hentry"],"_links":{"self":[{"href":"https:\/\/attorneyrodriguez.com\/es\/wp-json\/wp\/v2\/pages\/7332","targetHints":{"allow":["GET"]}}],"collection":[{"href":"https:\/\/attorneyrodriguez.com\/es\/wp-json\/wp\/v2\/pages"}],"about":[{"href":"https:\/\/attorneyrodriguez.com\/es\/wp-json\/wp\/v2\/types\/page"}],"author":[{"embeddable":true,"href":"https:\/\/attorneyrodriguez.com\/es\/wp-json\/wp\/v2\/users\/1"}],"replies":[{"embeddable":true,"href":"https:\/\/attorneyrodriguez.com\/es\/wp-json\/wp\/v2\/comments?post=7332"}],"version-history":[{"count":2,"href":"https:\/\/attorneyrodriguez.com\/es\/wp-json\/wp\/v2\/pages\/7332\/revisions"}],"predecessor-version":[{"id":7851,"href":"https:\/\/attorneyrodriguez.com\/es\/wp-json\/wp\/v2\/pages\/7332\/revisions\/7851"}],"up":[{"embeddable":true,"href":"https:\/\/attorneyrodriguez.com\/es\/wp-json\/wp\/v2\/pages\/7338"}],"wp:featuredmedia":[{"embeddable":true,"href":"https:\/\/attorneyrodriguez.com\/es\/wp-json\/wp\/v2\/media\/7412"}],"wp:attachment":[{"href":"https:\/\/attorneyrodriguez.com\/es\/wp-json\/wp\/v2\/media?parent=7332"}],"curies":[{"name":"wp","href":"https:\/\/api.w.org\/{rel}","templated":true}]}}