{"id":7330,"date":"2019-10-23T21:39:34","date_gmt":"2019-10-23T21:39:34","guid":{"rendered":"http:\/\/new.abogadacampeona.com\/?page_id=7330"},"modified":"2019-10-28T19:22:27","modified_gmt":"2019-10-28T19:22:27","slug":"accidentes-personales","status":"publish","type":"page","link":"https:\/\/attorneyrodriguez.com\/es\/nuestros-servicios\/accidentes-personales\/","title":{"rendered":"Accidentes Personales"},"content":{"rendered":"<section class=\"wpb-content-wrapper\"><div class=\"vc_row wpb_row vc_row-fluid vc_custom_1571935870539 vc_row-has-fill\">\n                                        <div class=\"gf-row-inner\">\n                        <div class=\"wpb_column vc_column_container vc_col-sm-3\"><div class=\"vc_column-inner\"><div class=\"wpb_wrapper\"><\/div><\/div><\/div><div class=\"wpb_column vc_column_container vc_col-sm-6\"><div class=\"vc_column-inner\"><div class=\"wpb_wrapper\"><h2 style=\"font-size: 26px;color: #eaeaea;text-align: center\" class=\"vc_custom_heading wpb_animate_when_almost_visible wpb_right-to-left right-to-left\" >Si usted ha sido lesionado o ha sufrido p\u00e9rdidas financieras debido a la negligencia de otros, usted puede iniciar una demanda de lesiones personales por compensaci\u00f3n financiera. La abogada campeona Laura Rodriguez puede ayudarle a recuperar la compensaci\u00f3n justa.<\/h2><\/div><\/div><\/div><div class=\"wpb_column vc_column_container vc_col-sm-3\"><div class=\"vc_column-inner\"><div class=\"wpb_wrapper\"><\/div><\/div><\/div>\t\t\t\t\t\t\t<\/div>\n\t\t\t\n\t\t<\/div>\n\t\t<div class=\"vc_row wpb_row vc_row-fluid vc_row-o-equal-height vc_row-o-content-middle vc_row-flex\">\n                                        <div class=\"gf-row-inner\">\n                        <div class=\"wpb_column vc_column_container vc_col-sm-6\"><div class=\"vc_column-inner\"><div class=\"wpb_wrapper\"><div id=\"ts-vcsc-image-gallery-6793393\" class=\"ts-image-gallery-wrapper ts-kraut-lightbox-frame   \" data-style=\"nivoslider\" data-break-parents=\"6\" data-inline=\"false\" style=\"margin-top: 0px; margin-bottom: 0px; position: relative;\"><div id=\"ts-lightbox-gallery-slider-6793393-container\" class=\"ts-nivoslider-container\" style=\"margin-top: 0px; margin-bottom: 0px;\"><div class=\"ts-lightbox-gallery-nivoslider-preloader\" style=\"height: 300px; position: relative;\"><div id=\"ts-lightbox-gallery-nivoslider-preloader-6793393\" class=\" ts-preloader-animation-main ts-preloader-animation-0\"><\/div><\/div><div id=\"ts-lightbox-gallery-slider-6793393\" class=\"ts-nivoslider-parent nivo-carousel nivoSlider ts-lightbox-gallery-slider\" style=\"display: none; \" data-id=\"6793393\" data-items=\"1\" data-rtl=\"false\" data-navigation=\"false\" data-play=\"true\" data-bar=\"false\" data-color=\"#dd3333\" data-speed=\"3000\" data-hover=\"false\" data-lazy=\"false\" data-effect=\"sliceUpDown\" data-slices=\"15\" data-columns=\"8\" data-rows=\"4\" data-start=\"0\" data-random=\"false\"><img decoding=\"async\" src=\"https:\/\/attorneyrodriguez.com\/wp-content\/uploads\/injury1.jpg\" data-nivo-lazy=\"https:\/\/attorneyrodriguez.com\/wp-content\/uploads\/injury1.jpg\" data-nivo-loaded=\"true\" style=\"\" alt=\"injury1\" data-transition-left=\"slideInLeft\" data-transition-right=\"slideInRight\" loading=\"eager\" data-no-lazy=\"1\" data-thumb=\"https:\/\/attorneyrodriguez.com\/wp-content\/uploads\/injury1.jpg\" data-title=\"\" ><img decoding=\"async\" src=\"https:\/\/attorneyrodriguez.com\/wp-content\/uploads\/injury2.jpg\" data-nivo-lazy=\"https:\/\/attorneyrodriguez.com\/wp-content\/uploads\/injury2.jpg\" data-nivo-loaded=\"true\" style=\"\" alt=\"injury2\" data-transition-left=\"slideInLeft\" data-transition-right=\"slideInRight\" loading=\"eager\" data-no-lazy=\"1\" data-thumb=\"https:\/\/attorneyrodriguez.com\/wp-content\/uploads\/injury2.jpg\" data-title=\"\" ><img decoding=\"async\" src=\"https:\/\/attorneyrodriguez.com\/wp-content\/uploads\/injury3.jpg\" data-nivo-lazy=\"https:\/\/attorneyrodriguez.com\/wp-content\/uploads\/injury3.jpg\" data-nivo-loaded=\"true\" style=\"\" alt=\"injury3\" data-transition-left=\"slideInLeft\" data-transition-right=\"slideInRight\" loading=\"eager\" data-no-lazy=\"1\" data-thumb=\"https:\/\/attorneyrodriguez.com\/wp-content\/uploads\/injury3.jpg\" data-title=\"\" ><\/div><\/div><\/div><\/div><\/div><\/div><div class=\"wpb_column vc_column_container vc_col-sm-6\"><div class=\"vc_column-inner\"><div class=\"wpb_wrapper\"><h2 style=\"font-size: 30px;text-align: center\" class=\"vc_custom_heading\" >NUESTROS CLIENTES SON NUESTROS VECINOS DE TEXAS Y LOUISIANA Y LOS TRATAMOS COMO NOS GUSTAR\u00cdA SER TRATADOS. ESO SIGNIFICA TRABAJAR DURO PARA RECUPERAR LA MAYOR COMPENSACI\u00d3N POSIBLE PARA CADA CASO QUE MANEJAMOS.<\/h2><\/div><\/div><\/div>\t\t\t\t\t\t\t<\/div>\n\t\t\t\n\t\t<\/div>\n\t\t<div class=\"vc_row wpb_row vc_row-fluid vc_custom_1571946372662 vc_row-has-fill\">\n                                        <div class=\"gf-row-inner gf-container container\">\n                        <div class=\"wpb_column vc_column_container vc_col-sm-12\"><div class=\"vc_column-inner\"><div class=\"wpb_wrapper\"><h4 style=\"font-size: 25px;text-align: center\" class=\"vc_custom_heading\" >\u00bfUsted quiere ser tratado como uno m\u00e1s, derivado a asistentes y esperando periodos largos cuando tiene preguntas? \u00bfO quiere ser tratado como se merece?<\/h4><p style=\"text-align: center\" class=\"vc_custom_heading\" >Contrate a la abogada campeona Laura Y. Rodriguez, P.C. y su caso ser\u00e1 tratado con prioridad y con mucha atenci\u00f3n al detalle. Nuestros clientes son nuestros vecinos de Texas y Louisiana y los tratamos como a nosotros nos gustar\u00eda ser tratados. Eso significa trabajar duro para recuperar la mayor compensaci\u00f3n posible para cada caso que manejamos. Descubra por usted mismo si la Laura Y. Rodriguez, P.C. es la firma de abogados adecuada para ayudar con su caso. Llame o p\u00f3ngase en contacto con nosotros hoy para una revisi\u00f3n r\u00e1pida y gratuita de su caso.<\/p><\/div><\/div><\/div>\t\t\t\t\t\t\t<\/div>\n\t\t\t\n\t\t<\/div>\n<\/section>","protected":false},"excerpt":{"rendered":"<p>Si usted se ha lesionado o ha sufrido p\u00e9rdidas financieras debido al descuido de otros, es posible que pueda hacer un reclamo por da\u00f1os personales para obtener una compensaci\u00f3n financiera.<\/p>\n","protected":false},"author":1,"featured_media":7413,"parent":7338,"menu_order":0,"comment_status":"closed","ping_status":"closed","template":"","meta":{"footnotes":""},"class_list":["post-7330","page","type-page","status-publish","has-post-thumbnail","hentry"],"_links":{"self":[{"href":"https:\/\/attorneyrodriguez.com\/es\/wp-json\/wp\/v2\/pages\/7330","targetHints":{"allow":["GET"]}}],"collection":[{"href":"https:\/\/attorneyrodriguez.com\/es\/wp-json\/wp\/v2\/pages"}],"about":[{"href":"https:\/\/attorneyrodriguez.com\/es\/wp-json\/wp\/v2\/types\/page"}],"author":[{"embeddable":true,"href":"https:\/\/attorneyrodriguez.com\/es\/wp-json\/wp\/v2\/users\/1"}],"replies":[{"embeddable":true,"href":"https:\/\/attorneyrodriguez.com\/es\/wp-json\/wp\/v2\/comments?post=7330"}],"version-history":[{"count":0,"href":"https:\/\/attorneyrodriguez.com\/es\/wp-json\/wp\/v2\/pages\/7330\/revisions"}],"up":[{"embeddable":true,"href":"https:\/\/attorneyrodriguez.com\/es\/wp-json\/wp\/v2\/pages\/7338"}],"wp:featuredmedia":[{"embeddable":true,"href":"https:\/\/attorneyrodriguez.com\/es\/wp-json\/wp\/v2\/media\/7413"}],"wp:attachment":[{"href":"https:\/\/attorneyrodriguez.com\/es\/wp-json\/wp\/v2\/media?parent=7330"}],"curies":[{"name":"wp","href":"https:\/\/api.w.org\/{rel}","templated":true}]}}