{"id":4567,"date":"2018-09-18T09:14:31","date_gmt":"2018-09-18T09:14:31","guid":{"rendered":"http:\/\/new.abogadacampeona.com\/?page_id=4567"},"modified":"2023-02-06T21:24:42","modified_gmt":"2023-02-06T21:24:42","slug":"yo-te-defiendo","status":"publish","type":"page","link":"https:\/\/attorneyrodriguez.com\/es\/yo-te-defiendo\/","title":{"rendered":"Abogada Campeona"},"content":{"rendered":"<section class=\"wpb-content-wrapper\"><div class=\"vc_row wpb_row vc_row-fluid\">\n                                        <div class=\"gf-row-inner gf-container container\">\n                        <div class=\"wpb_column vc_column_container vc_col-sm-12\"><div class=\"vc_column-inner\"><div class=\"wpb_wrapper\"><div class=\"wpb_revslider_element wpb_content_element\">\n\t\t\t<!-- START About Me 02 REVOLUTION SLIDER 6.6.10 --><p class=\"rs-p-wp-fix\"><\/p>\n\t\t\t<rs-module-wrap id=\"rev_slider_17_1_wrapper\" data-source=\"gallery\" style=\"visibility:hidden;background:transparent;padding:0;\">\n\t\t\t\t<rs-module id=\"rev_slider_17_1\" style=\"\" data-version=\"6.6.10\">\n\t\t\t\t\t<rs-slides style=\"overflow: hidden; position: absolute;\">\n\t\t\t\t\t\t<rs-slide style=\"position: absolute;\" data-key=\"rs-32\" data-title=\"Slide\" data-anim=\"ms:600;\" data-in=\"o:0;\" data-out=\"a:false;\">\n\t\t\t\t\t\t\t<img decoding=\"async\" src=\"\/\/attorneyrodriguez.com\/wp-content\/plugins\/revslider\/public\/assets\/assets\/dummy.png\" alt=\"\" title=\"aboutus\" width=\"1920\" height=\"1060\" class=\"rev-slidebg tp-rs-img rs-lazyload\" data-lazyload=\"\/\/attorneyrodriguez.com\/wp-content\/uploads\/aboutus.jpg\" data-parallax=\"off\" data-no-retina>\n<!--\n\t\t\t\t\t\t\t--><rs-layer\n\t\t\t\t\t\t\t\tid=\"slider-17-slide-32-layer-3\" \n\t\t\t\t\t\t\t\tclass=\"rs-pxl-1\"\n\t\t\t\t\t\t\t\tdata-type=\"text\"\n\t\t\t\t\t\t\t\tdata-rsp_ch=\"on\"\n\t\t\t\t\t\t\t\tdata-xy=\"x:c;xo:288px,0,0,0;y:m;yo:-13px,30px,30px,30px;\"\n\t\t\t\t\t\t\t\tdata-text=\"s:80,100,100,60;l:81,100,100,60;ls:10px;fw:900;a:inherit,center,center,center;\"\n\t\t\t\t\t\t\t\tdata-frame_0=\"o:1;\"\n\t\t\t\t\t\t\t\tdata-frame_0_chars=\"d:5;x:50px;o:0;\"\n\t\t\t\t\t\t\t\tdata-frame_1=\"e:power4.out;st:1000;sp:1000;sR:1000;\"\n\t\t\t\t\t\t\t\tdata-frame_1_chars=\"d:5;\"\n\t\t\t\t\t\t\t\tdata-frame_999=\"x:50px;o:0;e:nothing;st:w;sR:6300;\"\n\t\t\t\t\t\t\t\tstyle=\"z-index:6;font-family:'Muli';text-transform:uppercase;\"\n\t\t\t\t\t\t\t>laura<br\/>Rodriguez \n\t\t\t\t\t\t\t<\/rs-layer><!--\n\n\t\t\t\t\t\t\t--><rs-layer\n\t\t\t\t\t\t\t\tid=\"slider-17-slide-32-layer-4\" \n\t\t\t\t\t\t\t\tdata-type=\"text\"\n\t\t\t\t\t\t\t\tdata-rsp_ch=\"on\"\n\t\t\t\t\t\t\t\tdata-xy=\"x:c;xo:251px,0,0,0;y:m;yo:267px,195px,195px,120px;\"\n\t\t\t\t\t\t\t\tdata-text=\"w:normal,nowrap,nowrap,nowrap;s:26,24,24,24;l:27,24,24,24;ls:2px,3px,3px,3px;fw:700;a:inherit;\"\n\t\t\t\t\t\t\t\tdata-frame_0=\"o:1;\"\n\t\t\t\t\t\t\t\tdata-frame_0_chars=\"d:5;x:50px;o:0;\"\n\t\t\t\t\t\t\t\tdata-frame_0_words=\"d:5;x:45px;o:0;\"\n\t\t\t\t\t\t\t\tdata-frame_1=\"e:power4.out;st:1500;sp:1000;sR:1500;\"\n\t\t\t\t\t\t\t\tdata-frame_1_words=\"d:5;\"\n\t\t\t\t\t\t\t\tdata-frame_999=\"x:50px;o:0;e:nothing;st:w;sR:5550;\"\n\t\t\t\t\t\t\t\tstyle=\"z-index:7;font-family:'Muli';\"\n\t\t\t\t\t\t\t>Si has recibido lesiones debido a la <br \/>\nnegligencia de otra persona, yo te puedo ayudar.  \n\t\t\t\t\t\t\t<\/rs-layer><!--\n\n\t\t\t\t\t\t\t--><rs-layer\n\t\t\t\t\t\t\t\tid=\"slider-17-slide-32-layer-5\" \n\t\t\t\t\t\t\t\tclass=\"rs-pxl-2\"\n\t\t\t\t\t\t\t\tdata-type=\"text\"\n\t\t\t\t\t\t\t\tdata-color=\"#c6ad72\"\n\t\t\t\t\t\t\t\tdata-rsp_ch=\"on\"\n\t\t\t\t\t\t\t\tdata-xy=\"xo:599px,511px,388px,239px;yo:388px,331px,251px,154px;\"\n\t\t\t\t\t\t\t\tdata-text=\"w:normal;s:80,68,51,31;l:83,70,53,32;\"\n\t\t\t\t\t\t\t\tdata-frame_0=\"y:-50,-42,-31,-19;\"\n\t\t\t\t\t\t\t\tdata-frame_1=\"sp:3460;\"\n\t\t\t\t\t\t\t\tdata-frame_999=\"o:0;st:w;sR:5540;\"\n\t\t\t\t\t\t\t\tstyle=\"z-index:8;font-family:'Alex Brush';\"\n\t\t\t\t\t\t\t>Abogada Campeona \n\t\t\t\t\t\t\t<\/rs-layer><!--\n\n\t\t\t\t\t\t\t--><rs-layer\n\t\t\t\t\t\t\t\tid=\"slider-17-slide-32-layer-6\" \n\t\t\t\t\t\t\t\tdata-type=\"shape\"\n\t\t\t\t\t\t\t\tdata-rsp_ch=\"on\"\n\t\t\t\t\t\t\t\tdata-xy=\"xo:500px,426px,323px,199px;yo:830px,708px,537px,331px;\"\n\t\t\t\t\t\t\t\tdata-text=\"w:normal;s:20,17,12,7;l:0,21,15,9;\"\n\t\t\t\t\t\t\t\tdata-dim=\"w:438px,373px,283px,174px;h:5px,4px,3px,1px;\"\n\t\t\t\t\t\t\t\tdata-frame_0=\"x:100%;\"\n\t\t\t\t\t\t\t\tdata-frame_0_mask=\"u:t;\"\n\t\t\t\t\t\t\t\tdata-frame_1=\"sp:1000;\"\n\t\t\t\t\t\t\t\tdata-frame_1_mask=\"u:t;\"\n\t\t\t\t\t\t\t\tdata-frame_999=\"o:0;st:w;\"\n\t\t\t\t\t\t\t\tstyle=\"z-index:9;background-color:#c6ad72;\"\n\t\t\t\t\t\t\t> \n\t\t\t\t\t\t\t<\/rs-layer><!--\n\n\t\t\t\t\t\t\t--><rs-layer\n\t\t\t\t\t\t\t\tid=\"slider-17-slide-32-layer-7\" \n\t\t\t\t\t\t\t\tdata-type=\"text\"\n\t\t\t\t\t\t\t\tdata-rsp_ch=\"on\"\n\t\t\t\t\t\t\t\tdata-xy=\"xo:499px,425px,322px,198px;yo:839px,715px,543px,335px;\"\n\t\t\t\t\t\t\t\tdata-text=\"w:normal;s:25,21,15,9;l:27,23,17,10;fw:900;\"\n\t\t\t\t\t\t\t\tdata-frame_0=\"y:-100%;\"\n\t\t\t\t\t\t\t\tdata-frame_0_mask=\"u:t;\"\n\t\t\t\t\t\t\t\tdata-frame_1=\"sp:1200;\"\n\t\t\t\t\t\t\t\tdata-frame_1_mask=\"u:t;\"\n\t\t\t\t\t\t\t\tdata-frame_999=\"o:0;st:w;\"\n\t\t\t\t\t\t\t\tstyle=\"z-index:10;font-family:'Muli';text-transform:uppercase;\"\n\t\t\t\t\t\t\t>No enfrentes tus problemas legales solo. <br \/>\n\u00a1P\u00f3ngase en contacto conmigo hoy! \n\t\t\t\t\t\t\t<\/rs-layer><!--\n-->\t\t\t\t\t\t<\/rs-slide>\n\t\t\t\t\t<\/rs-slides>\n\t\t\t\t<\/rs-module>\n\t\t\t\t<script>\n\t\t\t\t\tsetREVStartSize({c: 'rev_slider_17_1',rl:[1240,1024,778,480],el:[1060,768,960,400],gw:[1200,1024,778,480],gh:[1060,768,960,400],type:'standard',justify:'',layout:'fullscreen',offsetContainer:'#wpadminbar,.header-mobile, .top-drawer-wrap',offset:'',mh:\"0\"});if (window.RS_MODULES!==undefined && window.RS_MODULES.modules!==undefined && window.RS_MODULES.modules[\"revslider171\"]!==undefined) {window.RS_MODULES.modules[\"revslider171\"].once = false;window.revapi17 = undefined;if (window.RS_MODULES.checkMinimal!==undefined) window.RS_MODULES.checkMinimal()}\n\t\t\t\t<\/script>\n\t\t\t<\/rs-module-wrap>\n\t\t\t<!-- END REVOLUTION SLIDER -->\n<\/div><\/div><\/div><\/div>\t\t\t\t\t\t\t<\/div>\n\t\t\t\n\t\t<\/div>\n\t\t<div class=\"vc_row wpb_row vc_row-fluid vc_custom_1571858147800 vc_row-has-fill\">\n                                        <div class=\"gf-row-inner gf-container container\">\n                        <div class=\"wpb_column vc_column_container vc_col-sm-12 vc_col-lg-offset-2 vc_col-lg-8 vc_col-md-offset-1 vc_col-md-10\"><div class=\"vc_column-inner\"><div class=\"wpb_wrapper\"><div class=\"g5plus-space space-69ff397f00adc\" data-id=\"69ff397f00adc\" data-tablet=\"40\" data-tablet-portrait=\"40\" data-mobile=\"40\" data-mobile-landscape=\"40\" style=\"clear: both; display: block; height: 50px\"><\/div>    <div class=\"gf-heading gf-heading-style-3\">\n        <div class=\"gf-heading-inner gf-heading-69ff397f00d48 text-center justify-content-center\">\n                            <span\n                    class=\"heading-sub-title accent-color\">LAURA Y. RODRIGUEZ | PRESIDENTA<\/span>\n                                                        <h4 class=\"heading-title\">Los despachos grandes de abogados de Texas, Florida y Nueva York recurren a la ABOGADA CAMPEONA<\/h4>\n                    <\/div>\n    <\/div>\n<div class=\"g5plus-space space-69ff397f01099\" data-id=\"69ff397f01099\" data-tablet=\"110\" data-tablet-portrait=\"90\" data-mobile=\"60\" data-mobile-landscape=\"70\" style=\"clear: both; display: block; height: 130px\"><\/div><\/div><\/div><\/div><div class=\"wpb_column vc_column_container vc_col-sm-12\"><div class=\"vc_column-inner\"><div class=\"wpb_wrapper\"><div class=\"gsf-slider-container owl-carousel owl-theme clearfix item-gutter-30\" data-owl-options='{\"items\":3,\"margin\":0,\"slideBy\":1,\"dots\":false,\"nav\":false,\"loop\":false,\"smartSpeed\":500,\"responsive\":{\"1200\":{\"items\":3},\"992\":{\"items\":2},\"768\":{\"items\":2},\"600\":{\"items\":2},\"0\":{\"items\":1}},\"autoHeight\":true,\"autoplay\":true,\"autoplayTimeout\":5000}'>\n\t<div class=\"gsf-info-box text-left clearfix icon-classic ib-large distance-medium info-box-69ff397f019c4\">\n    <div class=\"ib-content-wrap\">\n                    <div class=\"ib-shape\">\n                <div class=\"ib-shape-inner\">\n                                    <\/div>\n            <\/div>\n                            <div class=\"ib-content\">\n                                                <h4 class=\"info-box-title\">ADMISIONES DE ABOGAC\u00cdA<\/h4>\n                                                <div class=\"info-box-des\">\n                            <ul>\n<li>Estado de Texas, 2003<\/li>\n<li>Estado de Louisiana, 2009<\/li>\n<li>Tribunal de Distrito de los Estados Unidos para el Distrito Sur de Texas<\/li>\n<\/ul>\n                        <\/div>\n                                    <\/div>\n                        <\/div>\n    <\/div>\n<div class=\"gsf-info-box text-left clearfix icon-classic ib-large distance-medium info-box-69ff397f01c9f\">\n    <div class=\"ib-content-wrap\">\n                    <div class=\"ib-shape\">\n                <div class=\"ib-shape-inner\">\n                                    <\/div>\n            <\/div>\n                            <div class=\"ib-content\">\n                                                <h4 class=\"info-box-title\">ASOCIACIONES PROFESIONALES Y MEMBRES\u00cdA<\/h4>\n                                                <div class=\"info-box-des\">\n                            <ul>\n<li>Abogac\u00eda del Estado de Tejas<\/li>\n<li>Abogac\u00eda del Estado de Louisiana<\/li>\n<\/ul>\n                        <\/div>\n                                    <\/div>\n                        <\/div>\n    <\/div>\n<div class=\"gsf-info-box text-left clearfix icon-classic ib-large distance-medium info-box-69ff397f01f4d\">\n    <div class=\"ib-content-wrap\">\n                    <div class=\"ib-shape\">\n                <div class=\"ib-shape-inner\">\n                                    <\/div>\n            <\/div>\n                            <div class=\"ib-content\">\n                                                <h4 class=\"info-box-title\">IDIOMAS<\/h4>\n                                                <div class=\"info-box-des\">\n                            <ul>\n<li>Espa\u00f1ol &#8211; lenguaje natal<\/li>\n<li>Ingl\u00e9s<\/li>\n<\/ul>\n                        <\/div>\n                                    <\/div>\n                        <\/div>\n    <\/div>\n<\/div><div class=\"g5plus-space space-69ff397f024f3\" data-id=\"69ff397f024f3\" data-tablet=\"110\" data-tablet-portrait=\"90\" data-mobile=\"70\" data-mobile-landscape=\"80\" style=\"clear: both; display: block; height: 130px\"><\/div><\/div><\/div><\/div>\t\t\t\t\t\t\t<\/div>\n\t\t\t\n\t\t<\/div>\n\t\t<div class=\"vc_row wpb_row vc_row-fluid vc_custom_1571859783257 vc_row-has-fill\">\n                                        <div class=\"gf-row-inner gf-container container\">\n                        <div class=\"text-center wpb_column vc_column_container vc_col-sm-12 vc_col-lg-offset-2 vc_col-lg-8 vc_col-md-offset-1 vc_col-md-10\"><div class=\"vc_column-inner\"><div class=\"wpb_wrapper\"><div class=\"g5plus-space space-69ff397f02b91\" data-id=\"69ff397f02b91\" data-tablet=\"115\" data-tablet-portrait=\"90\" data-mobile=\"60\" data-mobile-landscape=\"70\" style=\"clear: both; display: block; height: 145px\"><\/div>    <div class=\"gf-heading gf-heading-style-1\">\n        <div class=\"gf-heading-inner gf-heading-69ff397f02c32 text-center justify-content-center\">\n                                                        <h4 class=\"heading-title\"><p style=\"line-height: 1.33;max-width: 630px;margin: auto\">Descubre qui\u00e9n es la Abogada Campeona y por qu\u00e9 nunca descansa en su lucha hasta encontrar la justicia y representaci\u00f3n de alta calidad.<\/p><\/h4>\n                    <\/div>\n    <\/div>\n<div class=\"g5plus-space space-69ff397f03087\" data-id=\"69ff397f03087\" data-tablet=\"50\" data-tablet-portrait=\"50\" data-mobile=\"40\" data-mobile-landscape=\"40\" style=\"clear: both; display: block; height: 63px\"><\/div>\n\t<div class=\"wpb_text_column wpb_content_element  mg-bottom-0 dib\" >\n\t\t<div class=\"wpb_wrapper\">\n\t\t\t<p class=\"fs-18 fw-black gsf-white-text mb-fs-14\" style=\"letter-spacing: 6px;\">VER<\/p>\n\n\t\t<\/div>\n\t<\/div>\n<div class=\"g5plus-video color-light large dib mb-video-small vc_custom_1589205817624 vc_custom_1589205817624\" >\n    <a data-magnific=\"true\" data-magnific-options='{\"type\":\"iframe\",\"mainClass\":\"mfp-fade\"}' class=\"view-video\" href=\"https:\/\/attorneyrodriguez.com\/wp-content\/uploads\/94065444_2754158268199361_8931763842084877172_n.mp4\">\n        <i class=\"fa fa-play\"><\/i>\n    <\/a>\n<\/div>\n\n\t<div class=\"wpb_text_column wpb_content_element  mg-bottom-0 dib\" >\n\t\t<div class=\"wpb_wrapper\">\n\t\t\t<p class=\"fs-18 fw-black gsf-white-text mb-fs-14\" style=\"letter-spacing: 6px;\">VIDEO<\/p>\n\n\t\t<\/div>\n\t<\/div>\n<div class=\"g5plus-space space-69ff397f03936\" data-id=\"69ff397f03936\" data-tablet=\"100\" data-tablet-portrait=\"80\" data-mobile=\"60\" data-mobile-landscape=\"70\" style=\"clear: both; display: block; height: 122px\"><\/div><\/div><\/div><\/div>\t\t\t\t\t\t\t<\/div>\n\t\t\t\n\t\t<\/div>\n\t\t<div class=\"vc_row wpb_row vc_row-fluid vc_custom_1571860292627 vc_row-has-fill\">\n                                        <div class=\"gf-row-inner gf-container container\">\n                        <div class=\"wpb_column vc_column_container vc_col-sm-12\"><div class=\"vc_column-inner\"><div class=\"wpb_wrapper\"><div class=\"g5plus-space space-69ff397f03c8a\" data-id=\"69ff397f03c8a\" data-tablet=\"100\" data-tablet-portrait=\"80\" data-mobile=\"60\" data-mobile-landscape=\"70\" style=\"clear: both; display: block; height: 128px\"><\/div>    <div class=\"gf-heading gf-heading-style-3\">\n        <div class=\"gf-heading-inner gf-heading-69ff397f03cfd text-center justify-content-center\">\n                            <span\n                    class=\"heading-sub-title accent-color\">MI HISTORIA<\/span>\n                                                        <h4 class=\"heading-title\">Educaci\u00f3n y Perfil<\/h4>\n                    <\/div>\n    <\/div>\n<div class=\"g5plus-space space-69ff397f04054\" data-id=\"69ff397f04054\" data-tablet=\"70\" data-tablet-portrait=\"60\" data-mobile=\"50\" data-mobile-landscape=\"50\" style=\"clear: both; display: block; height: 85px\"><\/div>\n\t<div class=\"wpb_text_column wpb_content_element \" >\n\t\t<div class=\"wpb_wrapper\">\n\t\t\t<p>Nacida y criada en el Valle del R\u00edo Grande, la Sra. Rodr\u00edguez complet\u00f3 sus estudios de pre-grado en la Universidad de Texas en Brownsville. Durante sus estudios en la Facultad de Derecho de la Universidad St. Mary, tambi\u00e9n asisti\u00f3 a la Universidad de Innsbruck en Austria donde estudi\u00f3 derecho internacional. Durante su tercer a\u00f1o en la facultad de derecho, particip\u00f3 en el Programa de Cl\u00ednica de Justicia Civil, donde obtuvo una valiosa experiencia como abogada estudiantil que abogaba por individuos de bajos ingresos. Despu\u00e9s de graduarse de la Escuela de Derecho de St. Mary, comenz\u00f3 su carrera legal en un bufete de abogados de Houston, donde se convirti\u00f3 en socia en un corto per\u00edodo de tiempo.<\/p>\n<p>Laura Rodr\u00edguez ha representado con \u00e9xito a innumerables trabajadores lesionados en los procedimientos ante el Departamento de Texas de Divisi\u00f3n de Seguros de Compensaci\u00f3n de Trabajadores. Ella ha asistido a clientes de los cuatro rincones de nuestro gran estado de Texas: de Amarillo, Tyler, Valle del R\u00edo Grande, a El Paso, y las ciudades en el medio. Ella ha ganado el respeto de sus clientes, colegas y personal de la divisi\u00f3n.<\/p>\n<p>La pr\u00e1ctica de Laura Rodr\u00edguez tambi\u00e9n se extiende a la representaci\u00f3n de trabajadores lesionados cuyas reclamaciones est\u00e1n bajo la Ley Federal de Compensaci\u00f3n de Trabajadores de Larga y Puerto (LHWCA). Ella es una de s\u00f3lo muy pocos abogados en el \u00e1rea de Houston, Texas y una de solamente tres abogadas latinas conocidos en todos los Estados Unidos que representan a los reclamantes bajo LHWCA.\u00a0 Ella ha representado estibadores que han resultado gravemente heridos en puertos de agua de los Estados Unidos, plataformas petroleras mar afuera y buques a lo largo de la costa este, el r\u00edo Mississippi y el Golfo de M\u00e9xico.<\/p>\n\n\t\t<\/div>\n\t<\/div>\n<div class=\"g5plus-space space-69ff397f042e9\" data-id=\"69ff397f042e9\" data-tablet=\"140\" data-tablet-portrait=\"120\" data-mobile=\"100\" data-mobile-landscape=\"110\" style=\"clear: both; display: block; height: 180px\"><\/div><ul class=\"gsf-lists clearfix list-square gsf-lists-69ff397f044e4\">\n                    <li class=\"list-item \">\n                            <p class=\"list-label\">Facultad de Derecho de la Universidad St. Mary\u2019s, Juris Doctorado, 2003<\/p>\n                    <\/li>\n                            <li class=\"list-item \">\n                            <p class=\"list-label\">Universidad de Innsbruck, Instituto de Problemas Legales Mundiales Certificado de Completacion<\/p>\n                    <\/li>\n                            <li class=\"list-item \">\n                            <p class=\"list-label\">Universidad de Texas en Brownsville, Licenciatura en Administraci\u00f3n de Empresas<\/p>\n                    <\/li>\n                            <li class=\"list-item \">\n                            <p class=\"list-label\">Galardonada en la Lista del Presidente y los Premios de la Lista del Decano en Universidad de Texas<\/p>\n                    <\/li>\n            <\/ul>\n<div class=\"g5plus-space space-69ff397f047e6\" data-id=\"69ff397f047e6\" data-tablet=\"120\" data-tablet-portrait=\"100\" data-mobile=\"70\" data-mobile-landscape=\"80\" style=\"clear: both; display: block; height: 150px\"><\/div><\/div><\/div><\/div>\t\t\t\t\t\t\t<\/div>\n\t\t\t\n\t\t<\/div>\n<\/section>","protected":false},"excerpt":{"rendered":"lauraRodriguez Si has recibido lesiones debido a la negligencia de otra persona, yo te puedo ayudar. Abogada Campeona No enfrentes tus problemas legales solo. \u00a1P\u00f3ngase en contacto conmigo hoy! LAURA Y. RODRIGUEZ | PRESIDENTA Los despachos grandes de abogados de Texas, Florida y Nueva York recurren a la ABOGADA CAMPEONA ADMISIONES DE ABOGAC\u00cdA Estado de [...]","protected":false},"author":1,"featured_media":0,"parent":0,"menu_order":0,"comment_status":"closed","ping_status":"closed","template":"","meta":{"footnotes":""},"class_list":["post-4567","page","type-page","status-publish","hentry"],"_links":{"self":[{"href":"https:\/\/attorneyrodriguez.com\/es\/wp-json\/wp\/v2\/pages\/4567","targetHints":{"allow":["GET"]}}],"collection":[{"href":"https:\/\/attorneyrodriguez.com\/es\/wp-json\/wp\/v2\/pages"}],"about":[{"href":"https:\/\/attorneyrodriguez.com\/es\/wp-json\/wp\/v2\/types\/page"}],"author":[{"embeddable":true,"href":"https:\/\/attorneyrodriguez.com\/es\/wp-json\/wp\/v2\/users\/1"}],"replies":[{"embeddable":true,"href":"https:\/\/attorneyrodriguez.com\/es\/wp-json\/wp\/v2\/comments?post=4567"}],"version-history":[{"count":2,"href":"https:\/\/attorneyrodriguez.com\/es\/wp-json\/wp\/v2\/pages\/4567\/revisions"}],"predecessor-version":[{"id":7859,"href":"https:\/\/attorneyrodriguez.com\/es\/wp-json\/wp\/v2\/pages\/4567\/revisions\/7859"}],"wp:attachment":[{"href":"https:\/\/attorneyrodriguez.com\/es\/wp-json\/wp\/v2\/media?parent=4567"}],"curies":[{"name":"wp","href":"https:\/\/api.w.org\/{rel}","templated":true}]}}